{"id":522,"date":"2021-02-16T08:39:55","date_gmt":"2021-02-16T08:39:55","guid":{"rendered":"http:\/\/dokohutku.cz\/?page_id=522"},"modified":"2023-09-11T07:37:02","modified_gmt":"2023-09-11T07:37:02","slug":"tym","status":"publish","type":"page","link":"https:\/\/dokohutku.cz\/en\/tym\/","title":{"rendered":"T\u00fdm"},"content":{"rendered":"<div data-elementor-type=\"wp-page\" data-elementor-id=\"522\" class=\"elementor elementor-522\">\n\t\t\t\t\t\t\t\t\t<section class=\"elementor-section elementor-top-section elementor-element elementor-element-d356849 elementor-section-boxed elementor-section-height-default elementor-section-height-default\" data-id=\"d356849\" data-element_type=\"section\">\n\t\t\t\t\t\t<div class=\"elementor-container elementor-column-gap-default\">\n\t\t\t\t\t<div class=\"elementor-column elementor-col-50 elementor-top-column elementor-element elementor-element-d7b644e\" data-id=\"d7b644e\" data-element_type=\"column\">\n\t\t\t<div class=\"elementor-widget-wrap elementor-element-populated\">\n\t\t\t\t\t\t\t\t<div class=\"elementor-element elementor-element-a0db8b3 elementor-widget elementor-widget-image\" data-id=\"a0db8b3\" data-element_type=\"widget\" data-widget_type=\"image.default\">\n\t\t\t\t<div class=\"elementor-widget-container\">\n\t\t\t\t\t\t\t\t\t\t\t\t\t\t\t<img loading=\"lazy\" decoding=\"async\" width=\"768\" height=\"768\" src=\"https:\/\/dokohutku.cz\/wp-content\/uploads\/2021\/05\/ja-1-768x768.jpg\" class=\"attachment-medium_large size-medium_large wp-image-890\" alt=\"\" srcset=\"https:\/\/dokohutku.cz\/wp-content\/uploads\/2021\/05\/ja-1-768x768.jpg 768w, https:\/\/dokohutku.cz\/wp-content\/uploads\/2021\/05\/ja-1-300x300.jpg 300w, https:\/\/dokohutku.cz\/wp-content\/uploads\/2021\/05\/ja-1-150x150.jpg 150w, https:\/\/dokohutku.cz\/wp-content\/uploads\/2021\/05\/ja-1.jpg 960w\" sizes=\"auto, (max-width: 768px) 100vw, 768px\" \/>\t\t\t\t\t\t\t\t\t\t\t\t\t\t\t<\/div>\n\t\t\t\t<\/div>\n\t\t\t\t\t<\/div>\n\t\t<\/div>\n\t\t\t\t<div class=\"elementor-column elementor-col-50 elementor-top-column elementor-element elementor-element-cac5c93\" data-id=\"cac5c93\" data-element_type=\"column\">\n\t\t\t<div class=\"elementor-widget-wrap elementor-element-populated\">\n\t\t\t\t\t\t\t\t<div class=\"elementor-element elementor-element-d3bd3dd elementor-widget elementor-widget-heading\" data-id=\"d3bd3dd\" data-element_type=\"widget\" data-widget_type=\"heading.default\">\n\t\t\t\t<div class=\"elementor-widget-container\">\n\t\t\t<h3 class=\"elementor-heading-title elementor-size-default\"><span style=\"margin: 0px 0px 0.8rem; padding: 0px; font-size: 1.5em; font-weight: var( --e-global-typography-secondary-font-weight ); line-height: 1.68421; caret-color: rgb(20, 23, 28); color: rgb(20, 23, 28); white-space: normal;\">V\u00edt Bene\u0161<\/span><span style=\"color: var( --e-global-color-primary ); font-family: var( --e-global-typography-primary-font-family ), Sans-serif; font-size: 1.75em; font-weight: var( --e-global-typography-primary-font-weight ); letter-spacing: 0px; background-color: var(--nv-site-bg);\"><\/span><\/h3>\t\t<\/div>\n\t\t\t\t<\/div>\n\t\t\t\t<div class=\"elementor-element elementor-element-041291f elementor-widget elementor-widget-text-editor\" data-id=\"041291f\" data-element_type=\"widget\" data-widget_type=\"text-editor.default\">\n\t\t\t\t<div class=\"elementor-widget-container\">\n\t\t\t\t\t\t\t<h3 style=\"letter-spacing: normal; font-family: 'Source Code Pro', sans-serif;\"><span style=\"color: var( --e-global-color-nvdarkbg ); font-family: var( --e-global-typography-text-font-family ), Sans-serif; font-size: 16px; letter-spacing: 0px; background-color: var(--nv-site-bg);\">He has a dark blue master diploma of jazz guitar  from JAMU in Brno. In addition to Brno, he also studied in other world capitals such as Accra in Ghana and Gothenburg in Sweden. He plays in the experimental bands Endemit and PAN, in a band with an accordion \"Ond\u0159ej Z\u00e1me\u010dn\u00edk Quintet\" and in a blues group of swing musicians \"Prime Minister Benny &amp; his Clumsy Fingers\", which he leads under the false name of Prime Minister Benny. And he would almost forgotten the swing band The Dudes of Ellington! He deals with a relatively wide range of genres and styles. From Congolese soukous to dream pop to free improvisation. He is convinced that it is needed and someone has to do it...&nbsp;<\/span><br><\/h3>\n<p><\/p>\n<p>He taught briefly at the Art School in Rtyn\u011b in the Krkono\u0161e Mountains at several jazz workshops in Trutnov, Jelenia G\u00f3ra and Tashkent in Uzbekistan, and he also taught privately. In Kohutek he tends to the guitars and ukuleles.<\/p>\t\t\t\t\t\t<\/div>\n\t\t\t\t<\/div>\n\t\t\t\t\t<\/div>\n\t\t<\/div>\n\t\t\t\t\t\t\t<\/div>\n\t\t<\/section>\n\t\t\t\t<section class=\"elementor-section elementor-top-section elementor-element elementor-element-7a918b1 elementor-section-boxed elementor-section-height-default elementor-section-height-default\" data-id=\"7a918b1\" data-element_type=\"section\">\n\t\t\t\t\t\t<div class=\"elementor-container elementor-column-gap-default\">\n\t\t\t\t\t<div class=\"elementor-column elementor-col-50 elementor-top-column elementor-element elementor-element-99359b2\" data-id=\"99359b2\" data-element_type=\"column\">\n\t\t\t<div class=\"elementor-widget-wrap elementor-element-populated\">\n\t\t\t\t\t\t\t\t<div class=\"elementor-element elementor-element-932b843 elementor-widget elementor-widget-image\" data-id=\"932b843\" data-element_type=\"widget\" data-widget_type=\"image.default\">\n\t\t\t\t<div class=\"elementor-widget-container\">\n\t\t\t\t\t\t\t\t\t\t\t\t\t\t\t<img loading=\"lazy\" decoding=\"async\" width=\"640\" height=\"640\" src=\"https:\/\/dokohutku.cz\/wp-content\/uploads\/2021\/05\/janek-square.png\" class=\"attachment-medium_large size-medium_large wp-image-891\" alt=\"\" srcset=\"https:\/\/dokohutku.cz\/wp-content\/uploads\/2021\/05\/janek-square.png 640w, https:\/\/dokohutku.cz\/wp-content\/uploads\/2021\/05\/janek-square-300x300.png 300w, https:\/\/dokohutku.cz\/wp-content\/uploads\/2021\/05\/janek-square-150x150.png 150w\" sizes=\"auto, (max-width: 640px) 100vw, 640px\" \/>\t\t\t\t\t\t\t\t\t\t\t\t\t\t\t<\/div>\n\t\t\t\t<\/div>\n\t\t\t\t\t<\/div>\n\t\t<\/div>\n\t\t\t\t<div class=\"elementor-column elementor-col-50 elementor-top-column elementor-element elementor-element-99d076e\" data-id=\"99d076e\" data-element_type=\"column\">\n\t\t\t<div class=\"elementor-widget-wrap elementor-element-populated\">\n\t\t\t\t\t\t\t\t<div class=\"elementor-element elementor-element-aa32918 elementor-widget elementor-widget-heading\" data-id=\"aa32918\" data-element_type=\"widget\" data-widget_type=\"heading.default\">\n\t\t\t\t<div class=\"elementor-widget-container\">\n\t\t\t<h3 class=\"elementor-heading-title elementor-size-default\"><span style=\"margin: 0px 0px 0.8rem; padding: 0px; font-size: 1.5em; font-weight: var( --e-global-typography-secondary-font-weight ); line-height: 1.68421; caret-color: rgb(20, 23, 28); color: rgb(20, 23, 28); white-space: normal;\">Janek \u010carek<\/span><\/h3>\t\t<\/div>\n\t\t\t\t<\/div>\n\t\t\t\t<div class=\"elementor-element elementor-element-a986920 elementor-widget elementor-widget-text-editor\" data-id=\"a986920\" data-element_type=\"widget\" data-widget_type=\"text-editor.default\">\n\t\t\t\t<div class=\"elementor-widget-container\">\n\t\t\t\t\t\t\t<h3 style=\"letter-spacing: normal; font-family: 'Source Code Pro', sans-serif;\"><span style=\"color: var( --e-global-color-nvdarkbg ); font-family: var( --e-global-typography-text-font-family ), Sans-serif; font-size: 16px; letter-spacing: 0px; background-color: var(--nv-site-bg);\">Singer, rhythm guitarist and chronic founder of dance bands. He is currently actively involved in the projects \"Heart of Dixie\", \"Django Jet\" and \"Prime Minister Benny and His Clumsy Fingers\". He also worked on the Django Sisters project, and was a co-founder and arranger for the jazz vocal quartet FourWayClose. He has many years of private education in the field of popular and jazz singing, including prestigious workshops in the Czech Republic, Slovenia and the USA. During the years 2018-2020 he worked as a lecturer at the Private School of Popular Singing in Brno. He teaches singing and choir in Koh\u00fatek. He will occasionally play rhythm guitar in a big band.<\/span><br><\/h3>\t\t\t\t\t\t<\/div>\n\t\t\t\t<\/div>\n\t\t\t\t\t<\/div>\n\t\t<\/div>\n\t\t\t\t\t\t\t<\/div>\n\t\t<\/section>\n\t\t\t\t<section class=\"elementor-section elementor-top-section elementor-element elementor-element-03f820b elementor-section-boxed elementor-section-height-default elementor-section-height-default\" data-id=\"03f820b\" data-element_type=\"section\">\n\t\t\t\t\t\t<div class=\"elementor-container elementor-column-gap-default\">\n\t\t\t\t\t<div class=\"elementor-column elementor-col-50 elementor-top-column elementor-element elementor-element-b4dd7ae\" data-id=\"b4dd7ae\" data-element_type=\"column\">\n\t\t\t<div class=\"elementor-widget-wrap elementor-element-populated\">\n\t\t\t\t\t\t\t\t<div class=\"elementor-element elementor-element-2218ff9 elementor-widget elementor-widget-image\" data-id=\"2218ff9\" data-element_type=\"widget\" data-widget_type=\"image.default\">\n\t\t\t\t<div class=\"elementor-widget-container\">\n\t\t\t\t\t\t\t\t\t\t\t\t\t\t\t<img loading=\"lazy\" decoding=\"async\" width=\"496\" height=\"496\" src=\"https:\/\/dokohutku.cz\/wp-content\/uploads\/2021\/05\/peto-square.png\" class=\"attachment-full size-full wp-image-893\" alt=\"\" srcset=\"https:\/\/dokohutku.cz\/wp-content\/uploads\/2021\/05\/peto-square.png 496w, https:\/\/dokohutku.cz\/wp-content\/uploads\/2021\/05\/peto-square-300x300.png 300w, https:\/\/dokohutku.cz\/wp-content\/uploads\/2021\/05\/peto-square-150x150.png 150w\" sizes=\"auto, (max-width: 496px) 100vw, 496px\" \/>\t\t\t\t\t\t\t\t\t\t\t\t\t\t\t<\/div>\n\t\t\t\t<\/div>\n\t\t\t\t\t<\/div>\n\t\t<\/div>\n\t\t\t\t<div class=\"elementor-column elementor-col-50 elementor-top-column elementor-element elementor-element-4ede345\" data-id=\"4ede345\" data-element_type=\"column\">\n\t\t\t<div class=\"elementor-widget-wrap elementor-element-populated\">\n\t\t\t\t\t\t\t\t<div class=\"elementor-element elementor-element-c14cbca elementor-widget elementor-widget-heading\" data-id=\"c14cbca\" data-element_type=\"widget\" data-widget_type=\"heading.default\">\n\t\t\t\t<div class=\"elementor-widget-container\">\n\t\t\t<h3 class=\"elementor-heading-title elementor-size-default\"><span style=\"margin: 0px 0px 0.8rem; padding: 0px; font-size: 1.5em; font-weight: var( --e-global-typography-secondary-font-weight ); line-height: 1.68421; caret-color: rgb(20, 23, 28); color: rgb(20, 23, 28); white-space: normal;\">Petr Svoboda<\/span><span style=\"color: var( --e-global-color-primary ); font-family: var( --e-global-typography-primary-font-family ), Sans-serif; font-size: 1.75em; font-weight: var( --e-global-typography-primary-font-weight ); letter-spacing: 0px; background-color: var(--nv-site-bg);\"><\/span><\/h3>\t\t<\/div>\n\t\t\t\t<\/div>\n\t\t\t\t<div class=\"elementor-element elementor-element-c2fcffa elementor-widget elementor-widget-text-editor\" data-id=\"c2fcffa\" data-element_type=\"widget\" data-widget_type=\"text-editor.default\">\n\t\t\t\t<div class=\"elementor-widget-container\">\n\t\t\t\t\t\t\t<h3 style=\"letter-spacing: normal; font-family: 'Source Code Pro', sans-serif;\"><span style=\"color: var( --e-global-color-nvdarkbg ); font-family: var( --e-global-typography-text-font-family ), Sans-serif; font-size: 16px; letter-spacing: 0px; background-color: var(--nv-site-bg);\">Even before studying at the Jan Neruda Grammar School with a musical focus, the song No banana boogie woogie blues won his heart:<\/span><br><\/h3>\n<p><a href=\"https:\/\/www.youtube.com\/watch?t=1080&amp;v=nq3OAXXRAfs&amp;feature=youtu.be\" target=\"_blank\" rel=\"noreferrer noopener\">CLICK ME<\/a><\/p>\n<p>After graduating, which he successfully passed in 2011, he was a student of the Jaroslav Je\u017eek Conservatory in the field of piano playing for 3 years. He focuses on funk and fusion, but he is also attracted to jazz and blues. He currently works in the bands Fanf\u00e1n Tulip\u00e1n (fusion), Veronika &amp; The Band (jazz \/ pop) and The Bazalcas (live-experiment). He performs keyboard tricks in Kohutek.<\/p>\t\t\t\t\t\t<\/div>\n\t\t\t\t<\/div>\n\t\t\t\t\t<\/div>\n\t\t<\/div>\n\t\t\t\t\t\t\t<\/div>\n\t\t<\/section>\n\t\t\t\t<section class=\"elementor-section elementor-top-section elementor-element elementor-element-a14bd4d elementor-section-boxed elementor-section-height-default elementor-section-height-default\" data-id=\"a14bd4d\" data-element_type=\"section\">\n\t\t\t\t\t\t<div class=\"elementor-container elementor-column-gap-default\">\n\t\t\t\t\t<div class=\"elementor-column elementor-col-50 elementor-top-column elementor-element elementor-element-3610d8b\" data-id=\"3610d8b\" data-element_type=\"column\">\n\t\t\t<div class=\"elementor-widget-wrap elementor-element-populated\">\n\t\t\t\t\t\t\t\t<div class=\"elementor-element elementor-element-6d6b91f elementor-widget elementor-widget-image\" data-id=\"6d6b91f\" data-element_type=\"widget\" data-widget_type=\"image.default\">\n\t\t\t\t<div class=\"elementor-widget-container\">\n\t\t\t\t\t\t\t\t\t\t\t\t\t\t\t<img loading=\"lazy\" decoding=\"async\" width=\"574\" height=\"574\" src=\"https:\/\/dokohutku.cz\/wp-content\/uploads\/2021\/08\/Geri-square.png\" class=\"attachment-full size-full wp-image-1164\" alt=\"\" srcset=\"https:\/\/dokohutku.cz\/wp-content\/uploads\/2021\/08\/Geri-square.png 574w, https:\/\/dokohutku.cz\/wp-content\/uploads\/2021\/08\/Geri-square-300x300.png 300w, https:\/\/dokohutku.cz\/wp-content\/uploads\/2021\/08\/Geri-square-150x150.png 150w\" sizes=\"auto, (max-width: 574px) 100vw, 574px\" \/>\t\t\t\t\t\t\t\t\t\t\t\t\t\t\t<\/div>\n\t\t\t\t<\/div>\n\t\t\t\t\t<\/div>\n\t\t<\/div>\n\t\t\t\t<div class=\"elementor-column elementor-col-50 elementor-top-column elementor-element elementor-element-45bf543\" data-id=\"45bf543\" data-element_type=\"column\">\n\t\t\t<div class=\"elementor-widget-wrap elementor-element-populated\">\n\t\t\t\t\t\t\t\t<div class=\"elementor-element elementor-element-9ad3f16 elementor-widget elementor-widget-heading\" data-id=\"9ad3f16\" data-element_type=\"widget\" data-widget_type=\"heading.default\">\n\t\t\t\t<div class=\"elementor-widget-container\">\n\t\t\t<h3 class=\"elementor-heading-title elementor-size-default\"><font color=\"#14171c\"><span style=\"caret-color: rgb(20, 23, 28); font-size: 36px; font-weight: normal; white-space: normal;\">G\u00e9raldine \"G\" Schnyder<\/span><\/font><\/h3>\t\t<\/div>\n\t\t\t\t<\/div>\n\t\t\t\t<div class=\"elementor-element elementor-element-85dc56b elementor-widget elementor-widget-text-editor\" data-id=\"85dc56b\" data-element_type=\"widget\" data-widget_type=\"text-editor.default\">\n\t\t\t\t<div class=\"elementor-widget-container\">\n\t\t\t\t\t\t\t<h5>After having finished her Master Studies in Bern, the Singer G\u00e9raldine Schnyder moved to Brno \u2013 out of love (not only) for czech liquids. The versatile singer is known for her professionalism and for her curiosity, with which she explores different genres. She works in various Bands as a Side-Woman, for example in the swiss-german quartet schnyder&amp;schnyder&amp;schnyder&amp;schnyder spielen Eggimann, in a Duo project with Vincenc Kummer, and every now and then with the Swiss Pianist M\u00e9lusine Chappuis.<span class=\"Apple-converted-space\">\u00a0<\/span><\/h5><p>Take a listen on <a href=\"http:\/\/www.geraldinececile.com\/\">geraldinececile.com<\/a><span class=\"Apple-converted-space\">\u00a0<\/span><\/p>\t\t\t\t\t\t<\/div>\n\t\t\t\t<\/div>\n\t\t\t\t\t<\/div>\n\t\t<\/div>\n\t\t\t\t\t\t\t<\/div>\n\t\t<\/section>\n\t\t\t\t\t\t\t<\/div>","protected":false},"excerpt":{"rendered":"<p>V\u00edt Bene\u0161 Je magistr jazzov\u00e9 kytary s tmavomodr\u00fdm diplomem z brn\u011bnsk\u00e9 JAMU. Krom\u011b Brna studoval i v dal\u0161\u00edch sv\u011btov\u00fdch metropol\u00edch jako ghansk\u00e1 Accra a \u0161v\u00e9dsk\u00fd Gothenburg. Hraje v experiment\u00e1ln\u00edch kapel\u00e1ch Endemit a PAN, v kapele s akordeonem &#8211; Ond\u0159ej Z\u00e1me\u010dn\u00edk Quintet a v bluesov\u00e9m uskupen\u00ed swingov\u00fdch muzikant\u016f &#8211; Prime Minister Benny &amp; his Clumsy Fingers,&hellip;&nbsp;<a href=\"https:\/\/dokohutku.cz\/en\/tym\/\" class=\"\" rel=\"bookmark\">Read More &raquo;<span class=\"screen-reader-text\">T\u00fdm<\/span><\/a><\/p>","protected":false},"author":1,"featured_media":0,"parent":0,"menu_order":0,"comment_status":"closed","ping_status":"closed","template":"","meta":{"neve_meta_sidebar":"full-width","neve_meta_container":"","neve_meta_enable_content_width":"on","neve_meta_content_width":100,"neve_meta_title_alignment":"","neve_meta_author_avatar":"","neve_post_elements_order":"","neve_meta_disable_header":"off","neve_meta_disable_footer":"off","neve_meta_disable_title":"on","footnotes":""},"class_list":["post-522","page","type-page","status-publish","hentry"],"yoast_head":"<!-- This site is optimized with the Yoast SEO plugin v20.13 - https:\/\/yoast.com\/wordpress\/plugins\/seo\/ -->\n<title>T\u00fdm | Hudebn\u00ed \u0161kola Koh\u00fatek<\/title>\n<meta name=\"description\" content=\"Jsme nejasn\u011b ohrani\u010den\u00e1 skupina profesion\u00e1ln\u00edch hudebn\u00edk\u016f spjat\u00fdch s Brn\u011bnskou \u201cjazzovou\u201d sc\u00e9nou a s tane\u010dn\u00ed \u0161kolou Swing Wings, hudebn\u00edk\u016f, kte\u0159\u00ed se krom\u011b vlastn\u00edho hran\u00ed rozhodli vrtat do toho ostatn\u00edm.\" \/>\n<meta name=\"robots\" content=\"index, follow, max-snippet:-1, max-image-preview:large, max-video-preview:-1\" \/>\n<link rel=\"canonical\" href=\"https:\/\/dokohutku.cz\/en\/tym\/\" \/>\n<meta property=\"og:locale\" content=\"en_US\" \/>\n<meta property=\"og:type\" content=\"article\" \/>\n<meta property=\"og:title\" content=\"T\u00fdm | Hudebn\u00ed \u0161kola Koh\u00fatek\" \/>\n<meta property=\"og:description\" content=\"Jsme nejasn\u011b ohrani\u010den\u00e1 skupina profesion\u00e1ln\u00edch hudebn\u00edk\u016f spjat\u00fdch s Brn\u011bnskou \u201cjazzovou\u201d sc\u00e9nou a s tane\u010dn\u00ed \u0161kolou Swing Wings, hudebn\u00edk\u016f, kte\u0159\u00ed se krom\u011b vlastn\u00edho hran\u00ed rozhodli vrtat do toho ostatn\u00edm.\" \/>\n<meta property=\"og:url\" content=\"https:\/\/dokohutku.cz\/en\/tym\/\" \/>\n<meta property=\"og:site_name\" content=\"Koh\u00fatek\" \/>\n<meta property=\"article:modified_time\" content=\"2023-09-11T07:37:02+00:00\" \/>\n<meta property=\"og:image\" content=\"https:\/\/dokohutku.cz\/wp-content\/uploads\/2021\/05\/ja-1-768x768.jpg\" \/>\n<meta name=\"twitter:card\" content=\"summary_large_image\" \/>\n<meta name=\"twitter:label1\" content=\"Est. reading time\" \/>\n\t<meta name=\"twitter:data1\" content=\"3 minutes\" \/>\n<script type=\"application\/ld+json\" class=\"yoast-schema-graph\">{\"@context\":\"https:\/\/schema.org\",\"@graph\":[{\"@type\":\"WebPage\",\"@id\":\"https:\/\/dokohutku.cz\/tym\/\",\"url\":\"https:\/\/dokohutku.cz\/tym\/\",\"name\":\"T\u00fdm | Hudebn\u00ed \u0161kola Koh\u00fatek\",\"isPartOf\":{\"@id\":\"https:\/\/dokohutku.cz\/#website\"},\"datePublished\":\"2021-02-16T08:39:55+00:00\",\"dateModified\":\"2023-09-11T07:37:02+00:00\",\"description\":\"Jsme nejasn\u011b ohrani\u010den\u00e1 skupina profesion\u00e1ln\u00edch hudebn\u00edk\u016f spjat\u00fdch s Brn\u011bnskou \u201cjazzovou\u201d sc\u00e9nou a s tane\u010dn\u00ed \u0161kolou Swing Wings, hudebn\u00edk\u016f, kte\u0159\u00ed se krom\u011b vlastn\u00edho hran\u00ed rozhodli vrtat do toho ostatn\u00edm.\",\"breadcrumb\":{\"@id\":\"https:\/\/dokohutku.cz\/tym\/#breadcrumb\"},\"inLanguage\":\"en-US\",\"potentialAction\":[{\"@type\":\"ReadAction\",\"target\":[\"https:\/\/dokohutku.cz\/tym\/\"]}]},{\"@type\":\"BreadcrumbList\",\"@id\":\"https:\/\/dokohutku.cz\/tym\/#breadcrumb\",\"itemListElement\":[{\"@type\":\"ListItem\",\"position\":1,\"name\":\"Dom\u016f\",\"item\":\"https:\/\/dokohutku.cz\/\"},{\"@type\":\"ListItem\",\"position\":2,\"name\":\"T\u00fdm\"}]},{\"@type\":\"WebSite\",\"@id\":\"https:\/\/dokohutku.cz\/#website\",\"url\":\"https:\/\/dokohutku.cz\/\",\"name\":\"Koh\u00fatek\",\"description\":\"hudebn\u00ed \u0161kola\",\"publisher\":{\"@id\":\"https:\/\/dokohutku.cz\/#organization\"},\"potentialAction\":[{\"@type\":\"SearchAction\",\"target\":{\"@type\":\"EntryPoint\",\"urlTemplate\":\"https:\/\/dokohutku.cz\/?s={search_term_string}\"},\"query-input\":\"required name=search_term_string\"}],\"inLanguage\":\"en-US\"},{\"@type\":\"Organization\",\"@id\":\"https:\/\/dokohutku.cz\/#organization\",\"name\":\"Koh\u00fatek\",\"url\":\"https:\/\/dokohutku.cz\/\",\"logo\":{\"@type\":\"ImageObject\",\"inLanguage\":\"en-US\",\"@id\":\"https:\/\/dokohutku.cz\/#\/schema\/logo\/image\/\",\"url\":\"https:\/\/dokohutku.cz\/wp-content\/uploads\/2021\/05\/cropped-kohutek-hlavicka-1.png\",\"contentUrl\":\"https:\/\/dokohutku.cz\/wp-content\/uploads\/2021\/05\/cropped-kohutek-hlavicka-1.png\",\"width\":200,\"height\":152,\"caption\":\"Koh\u00fatek\"},\"image\":{\"@id\":\"https:\/\/dokohutku.cz\/#\/schema\/logo\/image\/\"}}]}<\/script>\n<!-- \/ Yoast SEO plugin. -->","yoast_head_json":{"title":"T\u00fdm | Hudebn\u00ed \u0161kola Koh\u00fatek","description":"Jsme nejasn\u011b ohrani\u010den\u00e1 skupina profesion\u00e1ln\u00edch hudebn\u00edk\u016f spjat\u00fdch s Brn\u011bnskou \u201cjazzovou\u201d sc\u00e9nou a s tane\u010dn\u00ed \u0161kolou Swing Wings, hudebn\u00edk\u016f, kte\u0159\u00ed se krom\u011b vlastn\u00edho hran\u00ed rozhodli vrtat do toho ostatn\u00edm.","robots":{"index":"index","follow":"follow","max-snippet":"max-snippet:-1","max-image-preview":"max-image-preview:large","max-video-preview":"max-video-preview:-1"},"canonical":"https:\/\/dokohutku.cz\/en\/tym\/","og_locale":"en_US","og_type":"article","og_title":"T\u00fdm | Hudebn\u00ed \u0161kola Koh\u00fatek","og_description":"Jsme nejasn\u011b ohrani\u010den\u00e1 skupina profesion\u00e1ln\u00edch hudebn\u00edk\u016f spjat\u00fdch s Brn\u011bnskou \u201cjazzovou\u201d sc\u00e9nou a s tane\u010dn\u00ed \u0161kolou Swing Wings, hudebn\u00edk\u016f, kte\u0159\u00ed se krom\u011b vlastn\u00edho hran\u00ed rozhodli vrtat do toho ostatn\u00edm.","og_url":"https:\/\/dokohutku.cz\/en\/tym\/","og_site_name":"Koh\u00fatek","article_modified_time":"2023-09-11T07:37:02+00:00","og_image":[{"url":"https:\/\/dokohutku.cz\/wp-content\/uploads\/2021\/05\/ja-1-768x768.jpg"}],"twitter_card":"summary_large_image","twitter_misc":{"Est. reading time":"3 minutes"},"schema":{"@context":"https:\/\/schema.org","@graph":[{"@type":"WebPage","@id":"https:\/\/dokohutku.cz\/tym\/","url":"https:\/\/dokohutku.cz\/tym\/","name":"T\u00fdm | Hudebn\u00ed \u0161kola Koh\u00fatek","isPartOf":{"@id":"https:\/\/dokohutku.cz\/#website"},"datePublished":"2021-02-16T08:39:55+00:00","dateModified":"2023-09-11T07:37:02+00:00","description":"Jsme nejasn\u011b ohrani\u010den\u00e1 skupina profesion\u00e1ln\u00edch hudebn\u00edk\u016f spjat\u00fdch s Brn\u011bnskou \u201cjazzovou\u201d sc\u00e9nou a s tane\u010dn\u00ed \u0161kolou Swing Wings, hudebn\u00edk\u016f, kte\u0159\u00ed se krom\u011b vlastn\u00edho hran\u00ed rozhodli vrtat do toho ostatn\u00edm.","breadcrumb":{"@id":"https:\/\/dokohutku.cz\/tym\/#breadcrumb"},"inLanguage":"en-US","potentialAction":[{"@type":"ReadAction","target":["https:\/\/dokohutku.cz\/tym\/"]}]},{"@type":"BreadcrumbList","@id":"https:\/\/dokohutku.cz\/tym\/#breadcrumb","itemListElement":[{"@type":"ListItem","position":1,"name":"Dom\u016f","item":"https:\/\/dokohutku.cz\/"},{"@type":"ListItem","position":2,"name":"T\u00fdm"}]},{"@type":"WebSite","@id":"https:\/\/dokohutku.cz\/#website","url":"https:\/\/dokohutku.cz\/","name":"Koh\u00fatek","description":"hudebn\u00ed \u0161kola","publisher":{"@id":"https:\/\/dokohutku.cz\/#organization"},"potentialAction":[{"@type":"SearchAction","target":{"@type":"EntryPoint","urlTemplate":"https:\/\/dokohutku.cz\/?s={search_term_string}"},"query-input":"required name=search_term_string"}],"inLanguage":"en-US"},{"@type":"Organization","@id":"https:\/\/dokohutku.cz\/#organization","name":"Koh\u00fatek","url":"https:\/\/dokohutku.cz\/","logo":{"@type":"ImageObject","inLanguage":"en-US","@id":"https:\/\/dokohutku.cz\/#\/schema\/logo\/image\/","url":"https:\/\/dokohutku.cz\/wp-content\/uploads\/2021\/05\/cropped-kohutek-hlavicka-1.png","contentUrl":"https:\/\/dokohutku.cz\/wp-content\/uploads\/2021\/05\/cropped-kohutek-hlavicka-1.png","width":200,"height":152,"caption":"Koh\u00fatek"},"image":{"@id":"https:\/\/dokohutku.cz\/#\/schema\/logo\/image\/"}}]}},"_links":{"self":[{"href":"https:\/\/dokohutku.cz\/en\/wp-json\/wp\/v2\/pages\/522","targetHints":{"allow":["GET"]}}],"collection":[{"href":"https:\/\/dokohutku.cz\/en\/wp-json\/wp\/v2\/pages"}],"about":[{"href":"https:\/\/dokohutku.cz\/en\/wp-json\/wp\/v2\/types\/page"}],"author":[{"embeddable":true,"href":"https:\/\/dokohutku.cz\/en\/wp-json\/wp\/v2\/users\/1"}],"replies":[{"embeddable":true,"href":"https:\/\/dokohutku.cz\/en\/wp-json\/wp\/v2\/comments?post=522"}],"version-history":[{"count":38,"href":"https:\/\/dokohutku.cz\/en\/wp-json\/wp\/v2\/pages\/522\/revisions"}],"predecessor-version":[{"id":2127,"href":"https:\/\/dokohutku.cz\/en\/wp-json\/wp\/v2\/pages\/522\/revisions\/2127"}],"wp:attachment":[{"href":"https:\/\/dokohutku.cz\/en\/wp-json\/wp\/v2\/media?parent=522"}],"curies":[{"name":"wp","href":"https:\/\/api.w.org\/{rel}","templated":true}]}}