{"id":4704,"date":"2026-03-20T10:07:08","date_gmt":"2026-03-20T10:07:08","guid":{"rendered":"https:\/\/dokohutku.cz\/?page_id=4704"},"modified":"2026-04-12T19:51:46","modified_gmt":"2026-04-12T19:51:46","slug":"kuratka","status":"publish","type":"page","link":"https:\/\/dokohutku.cz\/en\/kuratka\/","title":{"rendered":"Ku\u0159\u00e1tka"},"content":{"rendered":"<div data-elementor-type=\"wp-page\" data-elementor-id=\"4704\" class=\"elementor elementor-4704\">\n\t\t\t\t\t\t\t\t\t<section class=\"elementor-section elementor-top-section elementor-element elementor-element-2c8f851 elementor-section-boxed elementor-section-height-default elementor-section-height-default\" data-id=\"2c8f851\" data-element_type=\"section\">\n\t\t\t\t\t\t<div class=\"elementor-container elementor-column-gap-default\">\n\t\t\t\t\t<div class=\"elementor-column elementor-col-100 elementor-top-column elementor-element elementor-element-ba63a93\" data-id=\"ba63a93\" data-element_type=\"column\">\n\t\t\t<div class=\"elementor-widget-wrap elementor-element-populated\">\n\t\t\t\t\t\t\t\t<div class=\"elementor-element elementor-element-a3f481d elementor-widget elementor-widget-image-carousel\" data-id=\"a3f481d\" data-element_type=\"widget\" data-settings=\"{&quot;slides_to_show&quot;:&quot;3&quot;,&quot;navigation&quot;:&quot;none&quot;,&quot;autoplay&quot;:&quot;yes&quot;,&quot;pause_on_hover&quot;:&quot;yes&quot;,&quot;pause_on_interaction&quot;:&quot;yes&quot;,&quot;autoplay_speed&quot;:5000,&quot;infinite&quot;:&quot;yes&quot;,&quot;speed&quot;:500}\" data-widget_type=\"image-carousel.default\">\n\t\t\t\t<div class=\"elementor-widget-container\">\n\t\t\t\t\t<div class=\"elementor-image-carousel-wrapper swiper-container\" dir=\"ltr\">\n\t\t\t<div class=\"elementor-image-carousel swiper-wrapper\" aria-live=\"off\">\n\t\t\t\t\t\t\t\t<div class=\"swiper-slide\" role=\"group\" aria-roledescription=\"slide\" aria-label=\"1 of 4\"><figure class=\"swiper-slide-inner\"><img decoding=\"async\" class=\"swiper-slide-image\" src=\"https:\/\/dokohutku.cz\/wp-content\/uploads\/2026\/03\/4bdb8bf2-c92b-44b4-abc2-a66e27cf5242-768x576.jpeg\" alt=\"4bdb8bf2-c92b-44b4-abc2-a66e27cf5242\" \/><\/figure><\/div><div class=\"swiper-slide\" role=\"group\" aria-roledescription=\"slide\" aria-label=\"2 of 4\"><figure class=\"swiper-slide-inner\"><img decoding=\"async\" class=\"swiper-slide-image\" src=\"https:\/\/dokohutku.cz\/wp-content\/uploads\/2026\/03\/6c68f4ba-0fbf-45f8-a750-14e210cd77e8-768x576.jpeg\" alt=\"6c68f4ba-0fbf-45f8-a750-14e210cd77e8\" \/><\/figure><\/div><div class=\"swiper-slide\" role=\"group\" aria-roledescription=\"slide\" aria-label=\"3 of 4\"><figure class=\"swiper-slide-inner\"><img decoding=\"async\" class=\"swiper-slide-image\" src=\"https:\/\/dokohutku.cz\/wp-content\/uploads\/2026\/03\/ae674812-3d51-426c-9854-9ef64c36bbf8-768x576.jpeg\" alt=\"ae674812-3d51-426c-9854-9ef64c36bbf8\" \/><\/figure><\/div><div class=\"swiper-slide\" role=\"group\" aria-roledescription=\"slide\" aria-label=\"4 of 4\"><figure class=\"swiper-slide-inner\"><img decoding=\"async\" class=\"swiper-slide-image\" src=\"https:\/\/dokohutku.cz\/wp-content\/uploads\/2026\/03\/att.weRs3YyYjtkwCrC-3kLrgQo6OwO6aiaw6_PoP_xedjY-768x576.jpg\" alt=\"att.weRs3YyYjtkwCrC-3kLrgQo6OwO6aiaw6_PoP_xedjY\" \/><\/figure><\/div>\t\t\t<\/div>\n\t\t\t\t\t\t\t\n\t\t\t\t\t\t\t\t\t<\/div>\n\t\t\t\t<\/div>\n\t\t\t\t<\/div>\n\t\t\t\t<div class=\"elementor-element elementor-element-0b14270 elementor-widget elementor-widget-heading\" data-id=\"0b14270\" data-element_type=\"widget\" data-widget_type=\"heading.default\">\n\t\t\t\t<div class=\"elementor-widget-container\">\n\t\t\t<h2 class=\"elementor-heading-title elementor-size-default\">Ku\u0159\u00e1tka<\/h2>\t\t<\/div>\n\t\t\t\t<\/div>\n\t\t\t\t\t<\/div>\n\t\t<\/div>\n\t\t\t\t\t\t\t<\/div>\n\t\t<\/section>\n\t\t\t\t<section class=\"elementor-section elementor-top-section elementor-element elementor-element-3f0c597 elementor-section-boxed elementor-section-height-default elementor-section-height-default\" data-id=\"3f0c597\" data-element_type=\"section\">\n\t\t\t\t\t\t<div class=\"elementor-container elementor-column-gap-default\">\n\t\t\t\t\t<div class=\"elementor-column elementor-col-66 elementor-top-column elementor-element elementor-element-d479f90\" data-id=\"d479f90\" data-element_type=\"column\">\n\t\t\t<div class=\"elementor-widget-wrap elementor-element-populated\">\n\t\t\t\t\t\t\t\t<div class=\"elementor-element elementor-element-d8d00d5 elementor-widget elementor-widget-text-editor\" data-id=\"d8d00d5\" data-element_type=\"widget\" data-widget_type=\"text-editor.default\">\n\t\t\t\t<div class=\"elementor-widget-container\">\n\t\t\t\t\t\t\t<p>&#8222;Je\u0161t\u011b jsi na to p\u0159\u00edli\u0161 mal\u00fd!&#8220; Opravdu? Je mo\u017en\u00e9 b\u00fdt na hudbu &#8222;p\u0159\u00edli\u0161 mal\u00fd&#8220;? D\u00edt\u011b poslouch\u00e1 hlas m\u00e1my (a v\u0161e, co poslouch\u00e1 m\u00e1ma) je\u0161t\u011b v prenat\u00e1lu. Zp\u00edvat se d\u00edt\u011b nau\u010d\u00ed d\u0159\u00edve ne\u017e mluvit \u2014 hudba je jeho p\u0159irozen\u00fd jazyk! Hudba m\u00e1 obrovskou s\u00edlu a nese v sob\u011b tolik benefit\u016f (nejen pro d\u011bti!), \u017ee se j\u00ed m\u00e1loco vyrovn\u00e1. <span class=\"html-span xexx8yu xyri2b x18d9i69 x1c1uobl x1hl2dhg x16tdsg8 x1vvkbs x3nfvp2 x1j61x8r x1fcty0u xdj266r xat24cr xm2jcoa x1mpyi22 xxymvpz xlup9mm x1kky2od\"><img loading=\"lazy\" decoding=\"async\" class=\"xz74otr x15mokao x1ga7v0g x16uus16 xbiv7yw\" src=\"https:\/\/static.xx.fbcdn.net\/images\/emoji.php\/v9\/tb\/2\/16\/1f4aa.png\" alt=\"\ud83d\udcaa\" width=\"16\" height=\"16\" \/><\/span><span class=\"html-span xexx8yu xyri2b x18d9i69 x1c1uobl x1hl2dhg x16tdsg8 x1vvkbs x3nfvp2 x1j61x8r x1fcty0u xdj266r xat24cr xm2jcoa x1mpyi22 xxymvpz xlup9mm x1kky2od\"><img loading=\"lazy\" decoding=\"async\" class=\"xz74otr x15mokao x1ga7v0g x16uus16 xbiv7yw\" src=\"https:\/\/static.xx.fbcdn.net\/images\/emoji.php\/v9\/t3d\/2\/16\/1f3b5.png\" alt=\"\ud83c\udfb5\" width=\"16\" height=\"16\" \/><\/span><\/p><p>Tak poj\u010fme dop\u0159\u00e1t d\u011btem (a rodi\u010d\u016fm!) z\u00e1\u017eivn\u00e9 pestrobarevn\u00e9 hudebn\u00ed chvilky!<span class=\"html-span xexx8yu xyri2b x18d9i69 x1c1uobl x1hl2dhg x16tdsg8 x1vvkbs x3nfvp2 x1j61x8r x1fcty0u xdj266r xat24cr xm2jcoa x1mpyi22 xxymvpz xlup9mm x1kky2od\"><img loading=\"lazy\" decoding=\"async\" class=\"xz74otr x15mokao x1ga7v0g x16uus16 xbiv7yw\" src=\"https:\/\/static.xx.fbcdn.net\/images\/emoji.php\/v9\/tb2\/2\/16\/1f308.png\" alt=\"\ud83c\udf08\" width=\"16\" height=\"16\" \/><\/span><\/p><p><em>Poli v\u00ed, o \u010dem mluv\u00ed. Vyrostla v rodin\u011b skladatele a klav\u00edristky, tak\u017ee muzikou doslova d\u00fdchala od d\u011btstv\u00ed. Sama je vystudovan\u00e1 u\u010ditelka hudby, ale teprve jej\u00ed dv\u011b d\u011bti j\u00ed uk\u00e1zaly, \u017ee se na u\u010den\u00ed d\u00e1 koukat i \u00fapln\u011b jinak. Spole\u010dn\u011b za\u010dali objevovat sv\u011bt t\u00f3n\u016f p\u0159es hran\u00ed, dobrodru\u017en\u00e9 p\u0159\u00edb\u011bhy a kr\u00e1sn\u00e9 p\u00edsni\u010dky. V\u00fdsledek p\u0159ed\u010dil v\u0161echna o\u010dek\u00e1v\u00e1n\u00ed, a tak se Poli rozhodla poslat tuhle radost d\u00e1l do sv\u011bta \u2013 a te\u010f ji m\u016f\u017eete za\u017e\u00edt i vy! Nav\u00edc si zrovna dopl\u0148uje vzd\u011bl\u00e1n\u00ed v muzikoterapii, tak\u017ee jej\u00ed lekce maj\u00ed hloubku. Nen\u00ed to jen o not\u00e1ch, ale i o emoc\u00edch, klidu a p\u0159irozen\u00e9m rozvoji d\u011bt\u00ed.<\/em><\/p>\t\t\t\t\t\t<\/div>\n\t\t\t\t<\/div>\n\t\t\t\t<div class=\"elementor-element elementor-element-26157f7 elementor-widget elementor-widget-text-editor\" data-id=\"26157f7\" data-element_type=\"widget\" data-widget_type=\"text-editor.default\">\n\t\t\t\t<div class=\"elementor-widget-container\">\n\t\t\t\t\t\t\t<div class=\"Y3BBE\" data-sfc-cp=\"\" data-sfc-root=\"c\" data-sfc-cb=\"\" data-hveid=\"CAEIAxAA\" data-complete=\"true\" data-processed=\"true\">\u010cekaj\u00ed v\u00e1s hudebn\u00ed a pohybov\u00e9 hr\u00e1tky, kter\u00e9 p\u0159irozen\u011b rozv\u00edjej\u00ed motoriku i l\u00e1sku k muzice. Spole\u010dn\u011b aktivujeme \u0159e\u010d, pam\u011b\u0165 i pozornost, propoj\u00edme mozkov\u00e9 hemisf\u00e9ry a vybudujeme v d\u011btech opravdov\u00fd cit pro rytmus a melodii. \u2665\ufe0f<\/div><div data-sfc-cp=\"\" data-sfc-root=\"c\" data-sfc-cb=\"\" data-hveid=\"CAEIAxAA\" data-complete=\"true\" data-processed=\"true\">\u00a0<\/div><div class=\"Y3BBE\" data-sfc-cp=\"\" data-sfc-root=\"c\" data-sfc-cb=\"\" data-hveid=\"CAEIBBAA\" data-complete=\"true\" data-processed=\"true\">P\u0159edev\u0161\u00edm si ale u\u017eijete spole\u010dn\u00fd \u010das pln\u00fd radosti, tvo\u0159en\u00ed a inspirace! <img decoding=\"async\" class=\"emoji\" role=\"img\" draggable=\"false\" src=\"https:\/\/s.w.org\/images\/core\/emoji\/17.0.2\/svg\/1f423.svg\" alt=\"\ud83d\udc23\" \/><\/div><div data-sfc-cp=\"\" data-sfc-root=\"c\" data-sfc-cb=\"\" data-hveid=\"CAEIBBAA\" data-complete=\"true\" data-processed=\"true\">\u00a0<\/div><div class=\"Y3BBE\" data-sfc-cp=\"\" data-sfc-root=\"c\" data-sfc-cb=\"\" data-hveid=\"CAEIBRAA\" data-complete=\"true\" data-processed=\"true\" aria-owns=\"action-menu-parent-container\">Na\u0161\u00ed cestou n\u00e1s provedou kouzeln\u00e1 zv\u00ed\u0159\u00e1tka, barevn\u00e9 kostky, hudebn\u00ed duha <img decoding=\"async\" class=\"emoji\" role=\"img\" draggable=\"false\" src=\"https:\/\/s.w.org\/images\/core\/emoji\/17.0.2\/svg\/1f308.svg\" alt=\"\ud83c\udf08\" \/> a spousta dobrodru\u017estv\u00ed. Vyzkou\u0161\u00edme si klav\u00edr, kytaru, ukulele, zvonky, bub\u00ednky, drhla, xylofony i fl\u00e9tni\u010dky. Budeme zp\u00edvat, sk\u00e1kat, hr\u00e1t na n\u00e1stroje i \u201enen\u00e1stroje\u201c, naslouchat a spole\u010dn\u011b objevovat sv\u011bt hudby kolem n\u00e1s i v n\u00e1s! <img decoding=\"async\" class=\"emoji\" role=\"img\" draggable=\"false\" src=\"https:\/\/s.w.org\/images\/core\/emoji\/17.0.2\/svg\/2728.svg\" alt=\"\u2728\" \/><\/div>\t\t\t\t\t\t<\/div>\n\t\t\t\t<\/div>\n\t\t\t\t<div class=\"elementor-element elementor-element-00afdac elementor-widget elementor-widget-toggle\" data-id=\"00afdac\" data-element_type=\"widget\" data-widget_type=\"toggle.default\">\n\t\t\t\t<div class=\"elementor-widget-container\">\n\t\t\t\t\t<div class=\"elementor-toggle\">\n\t\t\t\t\t\t\t<div class=\"elementor-toggle-item\">\n\t\t\t\t\t<div id=\"elementor-tab-title-7201\" class=\"elementor-tab-title\" data-tab=\"1\" role=\"button\" aria-controls=\"elementor-tab-content-7201\" aria-expanded=\"false\">\n\t\t\t\t\t\t\t\t\t\t\t\t<span class=\"elementor-toggle-icon elementor-toggle-icon-right\" aria-hidden=\"true\">\n\t\t\t\t\t\t\t\t\t\t\t\t\t\t\t<span class=\"elementor-toggle-icon-closed\"><i class=\"fas fa-caret-right\"><\/i><\/span>\n\t\t\t\t\t\t\t\t<span class=\"elementor-toggle-icon-opened\"><i class=\"elementor-toggle-icon-opened fas fa-caret-up\"><\/i><\/span>\n\t\t\t\t\t\t\t\t\t\t\t\t\t<\/span>\n\t\t\t\t\t\t\t\t\t\t\t\t<a class=\"elementor-toggle-title\" tabindex=\"0\">Ku\u0159\u00e1tka 3-4 roky<\/a>\n\t\t\t\t\t<\/div>\n\n\t\t\t\t\t<div id=\"elementor-tab-content-7201\" class=\"elementor-tab-content elementor-clearfix\" data-tab=\"1\" role=\"region\" aria-labelledby=\"elementor-tab-title-7201\"><div class=\"Y3BBE\" data-sfc-cp=\"\" data-sfc-root=\"c\" data-sfc-cb=\"\" data-hveid=\"CAEIBRAA\" data-complete=\"true\" data-processed=\"true\" aria-owns=\"action-menu-parent-container\">Kdy: st\u0159edy od 15:30 <br \/>Lenght: 50 minutes<\/div><div data-sfc-cp=\"\" data-sfc-root=\"c\" data-sfc-cb=\"\" data-hveid=\"CAEIBRAA\" data-complete=\"true\" data-processed=\"true\" aria-owns=\"action-menu-parent-container\">Za\u010d\u00e1tek vlny: 8. 4. 2026<br \/>D\u00e9lka: 8 t\u00fddn\u016f<\/div><div data-sfc-cp=\"\" data-sfc-root=\"c\" data-sfc-cb=\"\" data-hveid=\"CAEIBRAA\" data-complete=\"true\" data-processed=\"true\" aria-owns=\"action-menu-parent-container\">Cena: 2200,-<\/div><\/div>\n\t\t\t\t<\/div>\n\t\t\t\t\t\t\t<div class=\"elementor-toggle-item\">\n\t\t\t\t\t<div id=\"elementor-tab-title-7202\" class=\"elementor-tab-title\" data-tab=\"2\" role=\"button\" aria-controls=\"elementor-tab-content-7202\" aria-expanded=\"false\">\n\t\t\t\t\t\t\t\t\t\t\t\t<span class=\"elementor-toggle-icon elementor-toggle-icon-right\" aria-hidden=\"true\">\n\t\t\t\t\t\t\t\t\t\t\t\t\t\t\t<span class=\"elementor-toggle-icon-closed\"><i class=\"fas fa-caret-right\"><\/i><\/span>\n\t\t\t\t\t\t\t\t<span class=\"elementor-toggle-icon-opened\"><i class=\"elementor-toggle-icon-opened fas fa-caret-up\"><\/i><\/span>\n\t\t\t\t\t\t\t\t\t\t\t\t\t<\/span>\n\t\t\t\t\t\t\t\t\t\t\t\t<a class=\"elementor-toggle-title\" tabindex=\"0\">Ku\u0159\u00e1tka 1-2 roky _<i>poprv\u00e9 v Koh\u00fatku!<\/i><\/a>\n\t\t\t\t\t<\/div>\n\n\t\t\t\t\t<div id=\"elementor-tab-content-7202\" class=\"elementor-tab-content elementor-clearfix\" data-tab=\"2\" role=\"region\" aria-labelledby=\"elementor-tab-title-7202\"><div data-sfc-cp=\"\" data-sfc-root=\"c\" data-sfc-cb=\"\" data-hveid=\"CAEIBRAA\" data-complete=\"true\" data-processed=\"true\" aria-owns=\"action-menu-parent-container\">Kdy: \u010dtvrtky od 9:30 <br \/>Lenght: 50 minutes<\/div><div data-sfc-cp=\"\" data-sfc-root=\"c\" data-sfc-cb=\"\" data-hveid=\"CAEIBRAA\" data-complete=\"true\" data-processed=\"true\" aria-owns=\"action-menu-parent-container\">Za\u010d\u00e1tek vlny: 9. 4. 2026<br \/>D\u00e9lka: 8 t\u00fddn\u016f<\/div><div data-sfc-cp=\"\" data-sfc-root=\"c\" data-sfc-cb=\"\" data-hveid=\"CAEIBRAA\" data-complete=\"true\" data-processed=\"true\" aria-owns=\"action-menu-parent-container\">Cena: 2200,-\u00a0<\/div><\/div>\n\t\t\t\t<\/div>\n\t\t\t\t\t\t\t\t<\/div>\n\t\t\t\t<\/div>\n\t\t\t\t<\/div>\n\t\t\t\t<div class=\"elementor-element elementor-element-cf38820 elementor-button-info elementor-align-left elementor-hidden-desktop elementor-hidden-tablet elementor-hidden-mobile elementor-widget elementor-widget-button\" data-id=\"cf38820\" data-element_type=\"widget\" data-widget_type=\"button.default\">\n\t\t\t\t<div class=\"elementor-widget-container\">\n\t\t\t\t\t<div class=\"elementor-button-wrapper\">\n\t\t\t<a class=\"elementor-button elementor-button-link elementor-size-sm elementor-animation-bounce-in\" href=\"https:\/\/docs.google.com\/forms\/d\/e\/1FAIpQLScoRTnKpsV8Qze-GM5kre3x8w0B456RHIVdVY-ryhJcvLVYCg\/viewform?usp=header\" target=\"_blank\">\n\t\t\t\t\t\t<span class=\"elementor-button-content-wrapper\">\n\t\t\t\t\t\t<span class=\"elementor-button-icon elementor-align-icon-right\">\n\t\t\t\t<i aria-hidden=\"true\" class=\"fas fa-arrow-alt-circle-right\"><\/i>\t\t\t<\/span>\n\t\t\t\t\t\t<span class=\"elementor-button-text\">registration<\/span>\n\t\t<\/span>\n\t\t\t\t\t<\/a>\n\t\t<\/div>\n\t\t\t\t<\/div>\n\t\t\t\t<\/div>\n\t\t\t\t\t<\/div>\n\t\t<\/div>\n\t\t\t\t<div class=\"elementor-column elementor-col-33 elementor-top-column elementor-element elementor-element-372f86f\" data-id=\"372f86f\" data-element_type=\"column\">\n\t\t\t<div class=\"elementor-widget-wrap\">\n\t\t\t\t\t\t\t\t\t<\/div>\n\t\t<\/div>\n\t\t\t\t\t\t\t<\/div>\n\t\t<\/section>\n\t\t\t\t\t\t\t<\/div>","protected":false},"excerpt":{"rendered":"<p>Ku\u0159\u00e1tka &#8222;Je\u0161t\u011b jsi na to p\u0159\u00edli\u0161 mal\u00fd!&#8220; Opravdu? Je mo\u017en\u00e9 b\u00fdt na hudbu &#8222;p\u0159\u00edli\u0161 mal\u00fd&#8220;? D\u00edt\u011b poslouch\u00e1 hlas m\u00e1my (a v\u0161e, co poslouch\u00e1 m\u00e1ma) je\u0161t\u011b v prenat\u00e1lu. Zp\u00edvat se d\u00edt\u011b nau\u010d\u00ed d\u0159\u00edve ne\u017e mluvit \u2014 hudba je jeho p\u0159irozen\u00fd jazyk! Hudba m\u00e1 obrovskou s\u00edlu a nese v sob\u011b tolik benefit\u016f (nejen pro d\u011bti!), \u017ee se&hellip;&nbsp;<a href=\"https:\/\/dokohutku.cz\/en\/kuratka\/\" class=\"\" rel=\"bookmark\">Read More &raquo;<span class=\"screen-reader-text\">Ku\u0159\u00e1tka<\/span><\/a><\/p>","protected":false},"author":1,"featured_media":0,"parent":0,"menu_order":0,"comment_status":"closed","ping_status":"closed","template":"page-templates\/template-pagebuilder-full-width.php","meta":{"neve_meta_sidebar":"","neve_meta_container":"","neve_meta_enable_content_width":"","neve_meta_content_width":0,"neve_meta_title_alignment":"","neve_meta_author_avatar":"","neve_post_elements_order":"","neve_meta_disable_header":"off","neve_meta_disable_footer":"on","neve_meta_disable_title":"on","footnotes":""},"class_list":["post-4704","page","type-page","status-publish","hentry"],"yoast_head":"<!-- This site is optimized with the Yoast SEO plugin v20.13 - https:\/\/yoast.com\/wordpress\/plugins\/seo\/ -->\n<title>Ku\u0159\u00e1tka - Koh\u00fatek<\/title>\n<meta name=\"robots\" content=\"index, follow, max-snippet:-1, max-image-preview:large, max-video-preview:-1\" \/>\n<link rel=\"canonical\" href=\"https:\/\/dokohutku.cz\/en\/kuratka\/\" \/>\n<meta property=\"og:locale\" content=\"en_US\" \/>\n<meta property=\"og:type\" content=\"article\" \/>\n<meta property=\"og:title\" content=\"Ku\u0159\u00e1tka - Koh\u00fatek\" \/>\n<meta property=\"og:description\" content=\"Ku\u0159\u00e1tka &#8222;Je\u0161t\u011b jsi na to p\u0159\u00edli\u0161 mal\u00fd!&#8220; Opravdu? Je mo\u017en\u00e9 b\u00fdt na hudbu &#8222;p\u0159\u00edli\u0161 mal\u00fd&#8220;? D\u00edt\u011b poslouch\u00e1 hlas m\u00e1my (a v\u0161e, co poslouch\u00e1 m\u00e1ma) je\u0161t\u011b v prenat\u00e1lu. Zp\u00edvat se d\u00edt\u011b nau\u010d\u00ed d\u0159\u00edve ne\u017e mluvit \u2014 hudba je jeho p\u0159irozen\u00fd jazyk! Hudba m\u00e1 obrovskou s\u00edlu a nese v sob\u011b tolik benefit\u016f (nejen pro d\u011bti!), \u017ee se&hellip;&nbsp;Read More &raquo;Ku\u0159\u00e1tka\" \/>\n<meta property=\"og:url\" content=\"https:\/\/dokohutku.cz\/en\/kuratka\/\" \/>\n<meta property=\"og:site_name\" content=\"Koh\u00fatek\" \/>\n<meta property=\"article:modified_time\" content=\"2026-04-12T19:51:46+00:00\" \/>\n<meta property=\"og:image\" content=\"https:\/\/dokohutku.cz\/wp-content\/uploads\/2026\/03\/4bdb8bf2-c92b-44b4-abc2-a66e27cf5242-768x576.jpeg\" \/>\n<meta name=\"twitter:card\" content=\"summary_large_image\" \/>\n<meta name=\"twitter:label1\" content=\"Est. reading time\" \/>\n\t<meta name=\"twitter:data1\" content=\"5 minutes\" \/>\n<script type=\"application\/ld+json\" class=\"yoast-schema-graph\">{\"@context\":\"https:\/\/schema.org\",\"@graph\":[{\"@type\":\"WebPage\",\"@id\":\"https:\/\/dokohutku.cz\/kuratka\/\",\"url\":\"https:\/\/dokohutku.cz\/kuratka\/\",\"name\":\"Ku\u0159\u00e1tka - Koh\u00fatek\",\"isPartOf\":{\"@id\":\"https:\/\/dokohutku.cz\/#website\"},\"datePublished\":\"2026-03-20T10:07:08+00:00\",\"dateModified\":\"2026-04-12T19:51:46+00:00\",\"breadcrumb\":{\"@id\":\"https:\/\/dokohutku.cz\/kuratka\/#breadcrumb\"},\"inLanguage\":\"en-US\",\"potentialAction\":[{\"@type\":\"ReadAction\",\"target\":[\"https:\/\/dokohutku.cz\/kuratka\/\"]}]},{\"@type\":\"BreadcrumbList\",\"@id\":\"https:\/\/dokohutku.cz\/kuratka\/#breadcrumb\",\"itemListElement\":[{\"@type\":\"ListItem\",\"position\":1,\"name\":\"Dom\u016f\",\"item\":\"https:\/\/dokohutku.cz\/\"},{\"@type\":\"ListItem\",\"position\":2,\"name\":\"Ku\u0159\u00e1tka\"}]},{\"@type\":\"WebSite\",\"@id\":\"https:\/\/dokohutku.cz\/#website\",\"url\":\"https:\/\/dokohutku.cz\/\",\"name\":\"Koh\u00fatek\",\"description\":\"hudebn\u00ed \u0161kola\",\"publisher\":{\"@id\":\"https:\/\/dokohutku.cz\/#organization\"},\"potentialAction\":[{\"@type\":\"SearchAction\",\"target\":{\"@type\":\"EntryPoint\",\"urlTemplate\":\"https:\/\/dokohutku.cz\/?s={search_term_string}\"},\"query-input\":\"required name=search_term_string\"}],\"inLanguage\":\"en-US\"},{\"@type\":\"Organization\",\"@id\":\"https:\/\/dokohutku.cz\/#organization\",\"name\":\"Koh\u00fatek\",\"url\":\"https:\/\/dokohutku.cz\/\",\"logo\":{\"@type\":\"ImageObject\",\"inLanguage\":\"en-US\",\"@id\":\"https:\/\/dokohutku.cz\/#\/schema\/logo\/image\/\",\"url\":\"https:\/\/dokohutku.cz\/wp-content\/uploads\/2021\/05\/cropped-kohutek-hlavicka-1.png\",\"contentUrl\":\"https:\/\/dokohutku.cz\/wp-content\/uploads\/2021\/05\/cropped-kohutek-hlavicka-1.png\",\"width\":200,\"height\":152,\"caption\":\"Koh\u00fatek\"},\"image\":{\"@id\":\"https:\/\/dokohutku.cz\/#\/schema\/logo\/image\/\"}}]}<\/script>\n<!-- \/ Yoast SEO plugin. -->","yoast_head_json":{"title":"Ku\u0159\u00e1tka - Koh\u00fatek","robots":{"index":"index","follow":"follow","max-snippet":"max-snippet:-1","max-image-preview":"max-image-preview:large","max-video-preview":"max-video-preview:-1"},"canonical":"https:\/\/dokohutku.cz\/en\/kuratka\/","og_locale":"en_US","og_type":"article","og_title":"Ku\u0159\u00e1tka - Koh\u00fatek","og_description":"Ku\u0159\u00e1tka &#8222;Je\u0161t\u011b jsi na to p\u0159\u00edli\u0161 mal\u00fd!&#8220; Opravdu? Je mo\u017en\u00e9 b\u00fdt na hudbu &#8222;p\u0159\u00edli\u0161 mal\u00fd&#8220;? D\u00edt\u011b poslouch\u00e1 hlas m\u00e1my (a v\u0161e, co poslouch\u00e1 m\u00e1ma) je\u0161t\u011b v prenat\u00e1lu. Zp\u00edvat se d\u00edt\u011b nau\u010d\u00ed d\u0159\u00edve ne\u017e mluvit \u2014 hudba je jeho p\u0159irozen\u00fd jazyk! Hudba m\u00e1 obrovskou s\u00edlu a nese v sob\u011b tolik benefit\u016f (nejen pro d\u011bti!), \u017ee se&hellip;&nbsp;Read More &raquo;Ku\u0159\u00e1tka","og_url":"https:\/\/dokohutku.cz\/en\/kuratka\/","og_site_name":"Koh\u00fatek","article_modified_time":"2026-04-12T19:51:46+00:00","og_image":[{"url":"https:\/\/dokohutku.cz\/wp-content\/uploads\/2026\/03\/4bdb8bf2-c92b-44b4-abc2-a66e27cf5242-768x576.jpeg"}],"twitter_card":"summary_large_image","twitter_misc":{"Est. reading time":"5 minutes"},"schema":{"@context":"https:\/\/schema.org","@graph":[{"@type":"WebPage","@id":"https:\/\/dokohutku.cz\/kuratka\/","url":"https:\/\/dokohutku.cz\/kuratka\/","name":"Ku\u0159\u00e1tka - Koh\u00fatek","isPartOf":{"@id":"https:\/\/dokohutku.cz\/#website"},"datePublished":"2026-03-20T10:07:08+00:00","dateModified":"2026-04-12T19:51:46+00:00","breadcrumb":{"@id":"https:\/\/dokohutku.cz\/kuratka\/#breadcrumb"},"inLanguage":"en-US","potentialAction":[{"@type":"ReadAction","target":["https:\/\/dokohutku.cz\/kuratka\/"]}]},{"@type":"BreadcrumbList","@id":"https:\/\/dokohutku.cz\/kuratka\/#breadcrumb","itemListElement":[{"@type":"ListItem","position":1,"name":"Dom\u016f","item":"https:\/\/dokohutku.cz\/"},{"@type":"ListItem","position":2,"name":"Ku\u0159\u00e1tka"}]},{"@type":"WebSite","@id":"https:\/\/dokohutku.cz\/#website","url":"https:\/\/dokohutku.cz\/","name":"Koh\u00fatek","description":"hudebn\u00ed \u0161kola","publisher":{"@id":"https:\/\/dokohutku.cz\/#organization"},"potentialAction":[{"@type":"SearchAction","target":{"@type":"EntryPoint","urlTemplate":"https:\/\/dokohutku.cz\/?s={search_term_string}"},"query-input":"required name=search_term_string"}],"inLanguage":"en-US"},{"@type":"Organization","@id":"https:\/\/dokohutku.cz\/#organization","name":"Koh\u00fatek","url":"https:\/\/dokohutku.cz\/","logo":{"@type":"ImageObject","inLanguage":"en-US","@id":"https:\/\/dokohutku.cz\/#\/schema\/logo\/image\/","url":"https:\/\/dokohutku.cz\/wp-content\/uploads\/2021\/05\/cropped-kohutek-hlavicka-1.png","contentUrl":"https:\/\/dokohutku.cz\/wp-content\/uploads\/2021\/05\/cropped-kohutek-hlavicka-1.png","width":200,"height":152,"caption":"Koh\u00fatek"},"image":{"@id":"https:\/\/dokohutku.cz\/#\/schema\/logo\/image\/"}}]}},"_links":{"self":[{"href":"https:\/\/dokohutku.cz\/en\/wp-json\/wp\/v2\/pages\/4704","targetHints":{"allow":["GET"]}}],"collection":[{"href":"https:\/\/dokohutku.cz\/en\/wp-json\/wp\/v2\/pages"}],"about":[{"href":"https:\/\/dokohutku.cz\/en\/wp-json\/wp\/v2\/types\/page"}],"author":[{"embeddable":true,"href":"https:\/\/dokohutku.cz\/en\/wp-json\/wp\/v2\/users\/1"}],"replies":[{"embeddable":true,"href":"https:\/\/dokohutku.cz\/en\/wp-json\/wp\/v2\/comments?post=4704"}],"version-history":[{"count":61,"href":"https:\/\/dokohutku.cz\/en\/wp-json\/wp\/v2\/pages\/4704\/revisions"}],"predecessor-version":[{"id":4953,"href":"https:\/\/dokohutku.cz\/en\/wp-json\/wp\/v2\/pages\/4704\/revisions\/4953"}],"wp:attachment":[{"href":"https:\/\/dokohutku.cz\/en\/wp-json\/wp\/v2\/media?parent=4704"}],"curies":[{"name":"wp","href":"https:\/\/api.w.org\/{rel}","templated":true}]}}