{"id":4586,"date":"2026-01-29T20:05:25","date_gmt":"2026-01-29T20:05:25","guid":{"rendered":"https:\/\/dokohutku.cz\/?page_id=4586"},"modified":"2026-03-23T13:28:25","modified_gmt":"2026-03-23T13:28:25","slug":"littner","status":"publish","type":"page","link":"https:\/\/dokohutku.cz\/en\/littner\/","title":{"rendered":"Littner"},"content":{"rendered":"<div data-elementor-type=\"wp-page\" data-elementor-id=\"4586\" class=\"elementor elementor-4586\">\n\t\t\t\t\t\t\t\t\t<main class=\"elementor-section elementor-top-section elementor-element elementor-element-57ec75c elementor-section-boxed elementor-section-height-default elementor-section-height-default\" data-id=\"57ec75c\" data-element_type=\"section\">\n\t\t\t\t\t\t<div class=\"elementor-container elementor-column-gap-default\">\n\t\t\t\t\t<div class=\"elementor-column elementor-col-100 elementor-top-column elementor-element elementor-element-17e629f\" data-id=\"17e629f\" data-element_type=\"column\">\n\t\t\t<div class=\"elementor-widget-wrap elementor-element-populated\">\n\t\t\t\t\t\t\t\t<div class=\"elementor-element elementor-element-3bdaab5 elementor-arrows-position-inside elementor-widget elementor-widget-image-carousel\" data-id=\"3bdaab5\" data-element_type=\"widget\" data-settings=\"{&quot;navigation&quot;:&quot;arrows&quot;,&quot;autoplay&quot;:&quot;yes&quot;,&quot;pause_on_hover&quot;:&quot;yes&quot;,&quot;pause_on_interaction&quot;:&quot;yes&quot;,&quot;autoplay_speed&quot;:5000,&quot;infinite&quot;:&quot;yes&quot;,&quot;speed&quot;:500}\" data-widget_type=\"image-carousel.default\">\n\t\t\t\t<div class=\"elementor-widget-container\">\n\t\t\t\t\t<div class=\"elementor-image-carousel-wrapper swiper-container\" dir=\"ltr\">\n\t\t\t<div class=\"elementor-image-carousel swiper-wrapper\" aria-live=\"off\">\n\t\t\t\t\t\t\t\t<div class=\"swiper-slide\" role=\"group\" aria-roledescription=\"slide\" aria-label=\"1 of 11\"><figure class=\"swiper-slide-inner\"><img decoding=\"async\" class=\"swiper-slide-image\" src=\"https:\/\/dokohutku.cz\/wp-content\/uploads\/2026\/01\/516152172_1406743214441480_8120334063928005468_n-1024x683.jpg\" alt=\"Littner I. turnus 20.6.2025 | Fotograf David Poul | www.davidpoul.cz\" \/><\/figure><\/div><div class=\"swiper-slide\" role=\"group\" aria-roledescription=\"slide\" aria-label=\"2 of 11\"><figure class=\"swiper-slide-inner\"><img decoding=\"async\" class=\"swiper-slide-image\" src=\"https:\/\/dokohutku.cz\/wp-content\/uploads\/2026\/01\/514421128_1406748244440977_165623931527783610_n-1024x683.jpg\" alt=\"Littner I. turnus 23.6.2025 | Fotograf David Poul | www.davidpoul.cz\" \/><\/figure><\/div><div class=\"swiper-slide\" role=\"group\" aria-roledescription=\"slide\" aria-label=\"3 of 11\"><figure class=\"swiper-slide-inner\"><img decoding=\"async\" class=\"swiper-slide-image\" src=\"https:\/\/dokohutku.cz\/wp-content\/uploads\/2026\/01\/514259253_1406746291107839_4017237403185144387_n-1024x683.jpg\" alt=\"Littner I. turnus 22.6.2025 | Fotograf David Poul | www.davidpoul.cz\" \/><\/figure><\/div><div class=\"swiper-slide\" role=\"group\" aria-roledescription=\"slide\" aria-label=\"4 of 11\"><figure class=\"swiper-slide-inner\"><img decoding=\"async\" class=\"swiper-slide-image\" src=\"https:\/\/dokohutku.cz\/wp-content\/uploads\/2026\/01\/514408311_1406746851107783_2196446474476250914_n-1024x683.jpg\" alt=\"Littner I. turnus 22.6.2025 | Fotograf David Poul | www.davidpoul.cz\" \/><\/figure><\/div><div class=\"swiper-slide\" role=\"group\" aria-roledescription=\"slide\" aria-label=\"5 of 11\"><figure class=\"swiper-slide-inner\"><img decoding=\"async\" class=\"swiper-slide-image\" src=\"https:\/\/dokohutku.cz\/wp-content\/uploads\/2026\/01\/514409790_1406746884441113_4581619917080312006_n-1024x683.jpg\" alt=\"Littner I. turnus 22.6.2025 | Fotograf David Poul | www.davidpoul.cz\" \/><\/figure><\/div><div class=\"swiper-slide\" role=\"group\" aria-roledescription=\"slide\" aria-label=\"6 of 11\"><figure class=\"swiper-slide-inner\"><img decoding=\"async\" class=\"swiper-slide-image\" src=\"https:\/\/dokohutku.cz\/wp-content\/uploads\/2026\/01\/514279843_1406746974441104_8192359282374998846_n-1024x683.jpg\" alt=\"Littner I. turnus 22.6.2025 | Fotograf David Poul | www.davidpoul.cz\" \/><\/figure><\/div><div class=\"swiper-slide\" role=\"group\" aria-roledescription=\"slide\" aria-label=\"7 of 11\"><figure class=\"swiper-slide-inner\"><img decoding=\"async\" class=\"swiper-slide-image\" src=\"https:\/\/dokohutku.cz\/wp-content\/uploads\/2026\/01\/514352791_1406747394441062_4268525271614502225_n-1024x683.jpg\" alt=\"Littner I. turnus 23.6.2025 | Fotograf David Poul | www.davidpoul.cz\" \/><\/figure><\/div><div class=\"swiper-slide\" role=\"group\" aria-roledescription=\"slide\" aria-label=\"8 of 11\"><figure class=\"swiper-slide-inner\"><img decoding=\"async\" class=\"swiper-slide-image\" src=\"https:\/\/dokohutku.cz\/wp-content\/uploads\/2026\/01\/514408898_1406745931107875_7548949248954667602_n-1024x683.jpg\" alt=\"Littner I. turnus 22.6.2025 | Fotograf David Poul | www.davidpoul.cz\" \/><\/figure><\/div><div class=\"swiper-slide\" role=\"group\" aria-roledescription=\"slide\" aria-label=\"9 of 11\"><figure class=\"swiper-slide-inner\"><img decoding=\"async\" class=\"swiper-slide-image\" src=\"https:\/\/dokohutku.cz\/wp-content\/uploads\/2026\/01\/514344392_1406744064441395_1617159984466363839_n-1024x683.jpg\" alt=\"Littner I. turnus 21.6.2025 | Fotograf David Poul | www.davidpoul.cz\" \/><\/figure><\/div><div class=\"swiper-slide\" role=\"group\" aria-roledescription=\"slide\" aria-label=\"10 of 11\"><figure class=\"swiper-slide-inner\"><img decoding=\"async\" class=\"swiper-slide-image\" src=\"https:\/\/dokohutku.cz\/wp-content\/uploads\/2026\/01\/515163686_1406748824440919_7659621312924799726_n-1024x683.jpg\" alt=\"Littner I. turnus 23.6.2025 | Fotograf David Poul | www.davidpoul.cz\" \/><\/figure><\/div><div class=\"swiper-slide\" role=\"group\" aria-roledescription=\"slide\" aria-label=\"11 of 11\"><figure class=\"swiper-slide-inner\"><img decoding=\"async\" class=\"swiper-slide-image\" src=\"https:\/\/dokohutku.cz\/wp-content\/uploads\/2026\/01\/515865649_1406746194441182_3308217181545534076_n-1024x683.jpg\" alt=\"Littner I. turnus 22.6.2025 | Fotograf David Poul | www.davidpoul.cz\" \/><\/figure><\/div>\t\t\t<\/div>\n\t\t\t\t\t\t\t\t\t\t\t\t<div class=\"elementor-swiper-button elementor-swiper-button-prev\" role=\"button\" tabindex=\"0\">\n\t\t\t\t\t\t<i aria-hidden=\"true\" class=\"eicon-chevron-left\"><\/i>\t\t\t\t\t<\/div>\n\t\t\t\t\t<div class=\"elementor-swiper-button elementor-swiper-button-next\" role=\"button\" tabindex=\"0\">\n\t\t\t\t\t\t<i aria-hidden=\"true\" class=\"eicon-chevron-right\"><\/i>\t\t\t\t\t<\/div>\n\t\t\t\t\n\t\t\t\t\t\t\t\t\t<\/div>\n\t\t\t\t<\/div>\n\t\t\t\t<\/div>\n\t\t\t\t<div class=\"elementor-element elementor-element-75eed26 elementor-widget elementor-widget-heading\" data-id=\"75eed26\" data-element_type=\"widget\" data-widget_type=\"heading.default\">\n\t\t\t\t<div class=\"elementor-widget-container\">\n\t\t\t<h2 class=\"elementor-heading-title elementor-size-default\">Littner <\/h2>\t\t<\/div>\n\t\t\t\t<\/div>\n\t\t\t\t\t<\/div>\n\t\t<\/div>\n\t\t\t\t\t\t\t<\/div>\n\t\t<\/main>\n\t\t\t\t<section class=\"elementor-section elementor-top-section elementor-element elementor-element-47ba41f elementor-section-boxed elementor-section-height-default elementor-section-height-default\" data-id=\"47ba41f\" data-element_type=\"section\">\n\t\t\t\t\t\t<div class=\"elementor-container elementor-column-gap-default\">\n\t\t\t\t\t<div class=\"elementor-column elementor-col-100 elementor-top-column elementor-element elementor-element-d61e9be\" data-id=\"d61e9be\" data-element_type=\"column\">\n\t\t\t<div class=\"elementor-widget-wrap elementor-element-populated\">\n\t\t\t\t\t\t\t\t<div class=\"elementor-element elementor-element-33a4593 elementor-widget elementor-widget-text-editor\" data-id=\"33a4593\" data-element_type=\"widget\" data-widget_type=\"text-editor.default\">\n\t\t\t\t<div class=\"elementor-widget-container\">\n\t\t\t\t\t\t\t<p>Littner originally began as a summer dance camp organized by the Swing Wings school. In 2020, several musicians joined the program to offer music lessons, and that\u2019s essentially how Koh\u00fatek came to be. Since then, we\u2019ve been maintaining and developing this annual music event.\u00a0<\/p><p>Littner is a 4-night stay at the Littner Tourist Base, located in the middle of pine forests near Bzenec. For your money, you\u2019ll get accommodation, meals, 5 rehearsals with a band (or choir), a final concert, workshops, jam sessions, consultations, and evening parties hosted by the band of Koh\u00fatek masters.<\/p>\t\t\t\t\t\t<\/div>\n\t\t\t\t<\/div>\n\t\t\t\t<div class=\"elementor-element elementor-element-5334e1b elementor-widget elementor-widget-text-editor\" data-id=\"5334e1b\" data-element_type=\"widget\" data-widget_type=\"text-editor.default\">\n\t\t\t\t<div class=\"elementor-widget-container\">\n\t\t\t\t\t\t\t<p><strong>when?<\/strong><br \/><strong>20.-24. 6. 2026 <\/strong><br \/>(Arrival Saturday afternoon, leaving Wednesday morning)\u00a0<\/p><p><strong>bandleaders for 2026:<br \/><\/strong>G\u00e9raldine \"G\" Schnyder<br \/>Michal Grombi\u0159\u00edk<br \/>Hynek \u010cejka<br \/>Martin Matu\u0161ka<br \/>Kate\u0159ina Kov\u00e1\u0159ov\u00e1 (choir)<\/p><p><strong>helpers:<\/strong><br \/>Petr Svoboda<br \/>Janek \u010carek<br \/>V\u00edt Bene\u0161<\/p><p><strong>do you want to join?\u00a0<br \/><\/strong>registration will take place on\u00a0<strong>23. 3.-6. 4. 2026<\/strong><\/p><p><strong>price: 6800,-\u00a0<\/strong><\/p><p><em><strong>sidenote:<\/strong><\/em> <em>Since we need to form bands from the applicants, we do not take the order of registration into account and do not allow applicants to request a specific band leader. At the same time, we consider Littner to be a fairly unique event, so we give priority to first-time applicants to ensure that everyone gets a chance at least once. Until <strong>13. 4.<\/strong> we will sort out the bands, and then you'll get the final result.\u00a0<\/em><\/p><p><em>The bandleader decides on the band's musical style based on the final lineup. You might find yourself venturing outside your usual style or comfort zone. It's often worth it, though. \ud83d\ude09\u00a0<\/em><\/p><p><strong>gear:<br \/><\/strong>there will be two large party tents on site with all the necessary equipment\u2014PA system, drums, keyboards, amplifiers, microphones, and music stands. It\u2019s pretty much the same as our standard courses at Koli\u0161t\u011b. Please bring your own guitar, bass, saxophone, etc.!\u00a0<\/p>\t\t\t\t\t\t<\/div>\n\t\t\t\t<\/div>\n\t\t\t\t<div class=\"elementor-element elementor-element-e566885 elementor-button-info elementor-align-left elementor-widget elementor-widget-button\" data-id=\"e566885\" data-element_type=\"widget\" data-widget_type=\"button.default\">\n\t\t\t\t<div class=\"elementor-widget-container\">\n\t\t\t\t\t<div class=\"elementor-button-wrapper\">\n\t\t\t<a class=\"elementor-button elementor-button-link elementor-size-sm elementor-animation-bounce-in\" href=\"https:\/\/www.littnerswing.cz\/?fbclid=IwY2xjawQuHyRleHRuA2FlbQIxMABicmlkETBRT1JVZzJqVzkyalhzNWNkc3J0YwZhcHBfaWQQMjIyMDM5MTc4ODIwMDg5MgABHq5dzcLmnFTb6IVj89mxiMAUsr162Ea3LbPSSYrORCkw1T13j5B7yRJdK7NX_aem_30VZdKCoHy6JNJt8EAvUGw\" target=\"_blank\">\n\t\t\t\t\t\t<span class=\"elementor-button-content-wrapper\">\n\t\t\t\t\t\t<span class=\"elementor-button-icon elementor-align-icon-right\">\n\t\t\t\t<i aria-hidden=\"true\" class=\"fas fa-arrow-alt-circle-right\"><\/i>\t\t\t<\/span>\n\t\t\t\t\t\t<span class=\"elementor-button-text\">info &amp; registration<\/span>\n\t\t<\/span>\n\t\t\t\t\t<\/a>\n\t\t<\/div>\n\t\t\t\t<\/div>\n\t\t\t\t<\/div>\n\t\t\t\t\t<\/div>\n\t\t<\/div>\n\t\t\t\t\t\t\t<\/div>\n\t\t<\/section>\n\t\t\t\t\t\t\t<\/div>","protected":false},"excerpt":{"rendered":"<p>Littner Littner je p\u016fvodn\u011b tane\u010dn\u00ed letn\u00ed kemp po\u0159\u00e1dan\u00fd \u0161kolou Swing Wings. V roce 2020 se k programu p\u0159idalo n\u011bkolik muzikant\u016f s hudebn\u00edmi lekcemi a prakticky tady vznikl Koh\u00fatek. Od t\u00e9 doby tento hudebn\u00ed sv\u00e1tek udr\u017eujeme a kultivujeme.\u00a0 Littner je pobyt na 4 noci v Turistick\u00e9 z\u00e1kladn\u011b Littner, kter\u00e1 le\u017e\u00ed uprost\u0159ed borov\u00fdch les\u016f pobl\u00ed\u017e Bzence. Za&hellip;&nbsp;<a href=\"https:\/\/dokohutku.cz\/en\/littner\/\" class=\"\" rel=\"bookmark\">Read More &raquo;<span class=\"screen-reader-text\">Littner<\/span><\/a><\/p>","protected":false},"author":1,"featured_media":0,"parent":0,"menu_order":0,"comment_status":"closed","ping_status":"closed","template":"page-templates\/template-pagebuilder-full-width.php","meta":{"neve_meta_sidebar":"","neve_meta_container":"full-width","neve_meta_enable_content_width":"","neve_meta_content_width":0,"neve_meta_title_alignment":"","neve_meta_author_avatar":"","neve_post_elements_order":"","neve_meta_disable_header":"off","neve_meta_disable_footer":"on","neve_meta_disable_title":"on","footnotes":""},"class_list":["post-4586","page","type-page","status-publish","hentry"],"yoast_head":"<!-- This site is optimized with the Yoast SEO plugin v20.13 - https:\/\/yoast.com\/wordpress\/plugins\/seo\/ -->\n<title>Littner - Koh\u00fatek<\/title>\n<meta name=\"robots\" content=\"index, follow, max-snippet:-1, max-image-preview:large, max-video-preview:-1\" \/>\n<link rel=\"canonical\" href=\"https:\/\/dokohutku.cz\/en\/littner\/\" \/>\n<meta property=\"og:locale\" content=\"en_US\" \/>\n<meta property=\"og:type\" content=\"article\" \/>\n<meta property=\"og:title\" content=\"Littner - Koh\u00fatek\" \/>\n<meta property=\"og:description\" content=\"Littner Littner je p\u016fvodn\u011b tane\u010dn\u00ed letn\u00ed kemp po\u0159\u00e1dan\u00fd \u0161kolou Swing Wings. V roce 2020 se k programu p\u0159idalo n\u011bkolik muzikant\u016f s hudebn\u00edmi lekcemi a prakticky tady vznikl Koh\u00fatek. Od t\u00e9 doby tento hudebn\u00ed sv\u00e1tek udr\u017eujeme a kultivujeme.\u00a0 Littner je pobyt na 4 noci v Turistick\u00e9 z\u00e1kladn\u011b Littner, kter\u00e1 le\u017e\u00ed uprost\u0159ed borov\u00fdch les\u016f pobl\u00ed\u017e Bzence. Za&hellip;&nbsp;Read More &raquo;Littner\" \/>\n<meta property=\"og:url\" content=\"https:\/\/dokohutku.cz\/en\/littner\/\" \/>\n<meta property=\"og:site_name\" content=\"Koh\u00fatek\" \/>\n<meta property=\"article:modified_time\" content=\"2026-03-23T13:28:25+00:00\" \/>\n<meta property=\"og:image\" content=\"https:\/\/dokohutku.cz\/wp-content\/uploads\/2026\/01\/516152172_1406743214441480_8120334063928005468_n-1024x683.jpg\" \/>\n<meta name=\"twitter:card\" content=\"summary_large_image\" \/>\n<meta name=\"twitter:label1\" content=\"Est. reading time\" \/>\n\t<meta name=\"twitter:data1\" content=\"5 minutes\" \/>\n<script type=\"application\/ld+json\" class=\"yoast-schema-graph\">{\"@context\":\"https:\/\/schema.org\",\"@graph\":[{\"@type\":\"WebPage\",\"@id\":\"https:\/\/dokohutku.cz\/littner\/\",\"url\":\"https:\/\/dokohutku.cz\/littner\/\",\"name\":\"Littner - Koh\u00fatek\",\"isPartOf\":{\"@id\":\"https:\/\/dokohutku.cz\/#website\"},\"datePublished\":\"2026-01-29T20:05:25+00:00\",\"dateModified\":\"2026-03-23T13:28:25+00:00\",\"breadcrumb\":{\"@id\":\"https:\/\/dokohutku.cz\/littner\/#breadcrumb\"},\"inLanguage\":\"en-US\",\"potentialAction\":[{\"@type\":\"ReadAction\",\"target\":[\"https:\/\/dokohutku.cz\/littner\/\"]}]},{\"@type\":\"BreadcrumbList\",\"@id\":\"https:\/\/dokohutku.cz\/littner\/#breadcrumb\",\"itemListElement\":[{\"@type\":\"ListItem\",\"position\":1,\"name\":\"Dom\u016f\",\"item\":\"https:\/\/dokohutku.cz\/\"},{\"@type\":\"ListItem\",\"position\":2,\"name\":\"Littner\"}]},{\"@type\":\"WebSite\",\"@id\":\"https:\/\/dokohutku.cz\/#website\",\"url\":\"https:\/\/dokohutku.cz\/\",\"name\":\"Koh\u00fatek\",\"description\":\"hudebn\u00ed \u0161kola\",\"publisher\":{\"@id\":\"https:\/\/dokohutku.cz\/#organization\"},\"potentialAction\":[{\"@type\":\"SearchAction\",\"target\":{\"@type\":\"EntryPoint\",\"urlTemplate\":\"https:\/\/dokohutku.cz\/?s={search_term_string}\"},\"query-input\":\"required name=search_term_string\"}],\"inLanguage\":\"en-US\"},{\"@type\":\"Organization\",\"@id\":\"https:\/\/dokohutku.cz\/#organization\",\"name\":\"Koh\u00fatek\",\"url\":\"https:\/\/dokohutku.cz\/\",\"logo\":{\"@type\":\"ImageObject\",\"inLanguage\":\"en-US\",\"@id\":\"https:\/\/dokohutku.cz\/#\/schema\/logo\/image\/\",\"url\":\"https:\/\/dokohutku.cz\/wp-content\/uploads\/2021\/05\/cropped-kohutek-hlavicka-1.png\",\"contentUrl\":\"https:\/\/dokohutku.cz\/wp-content\/uploads\/2021\/05\/cropped-kohutek-hlavicka-1.png\",\"width\":200,\"height\":152,\"caption\":\"Koh\u00fatek\"},\"image\":{\"@id\":\"https:\/\/dokohutku.cz\/#\/schema\/logo\/image\/\"}}]}<\/script>\n<!-- \/ Yoast SEO plugin. -->","yoast_head_json":{"title":"Littner - Koh\u00fatek","robots":{"index":"index","follow":"follow","max-snippet":"max-snippet:-1","max-image-preview":"max-image-preview:large","max-video-preview":"max-video-preview:-1"},"canonical":"https:\/\/dokohutku.cz\/en\/littner\/","og_locale":"en_US","og_type":"article","og_title":"Littner - Koh\u00fatek","og_description":"Littner Littner je p\u016fvodn\u011b tane\u010dn\u00ed letn\u00ed kemp po\u0159\u00e1dan\u00fd \u0161kolou Swing Wings. V roce 2020 se k programu p\u0159idalo n\u011bkolik muzikant\u016f s hudebn\u00edmi lekcemi a prakticky tady vznikl Koh\u00fatek. Od t\u00e9 doby tento hudebn\u00ed sv\u00e1tek udr\u017eujeme a kultivujeme.\u00a0 Littner je pobyt na 4 noci v Turistick\u00e9 z\u00e1kladn\u011b Littner, kter\u00e1 le\u017e\u00ed uprost\u0159ed borov\u00fdch les\u016f pobl\u00ed\u017e Bzence. Za&hellip;&nbsp;Read More &raquo;Littner","og_url":"https:\/\/dokohutku.cz\/en\/littner\/","og_site_name":"Koh\u00fatek","article_modified_time":"2026-03-23T13:28:25+00:00","og_image":[{"url":"https:\/\/dokohutku.cz\/wp-content\/uploads\/2026\/01\/516152172_1406743214441480_8120334063928005468_n-1024x683.jpg"}],"twitter_card":"summary_large_image","twitter_misc":{"Est. reading time":"5 minutes"},"schema":{"@context":"https:\/\/schema.org","@graph":[{"@type":"WebPage","@id":"https:\/\/dokohutku.cz\/littner\/","url":"https:\/\/dokohutku.cz\/littner\/","name":"Littner - Koh\u00fatek","isPartOf":{"@id":"https:\/\/dokohutku.cz\/#website"},"datePublished":"2026-01-29T20:05:25+00:00","dateModified":"2026-03-23T13:28:25+00:00","breadcrumb":{"@id":"https:\/\/dokohutku.cz\/littner\/#breadcrumb"},"inLanguage":"en-US","potentialAction":[{"@type":"ReadAction","target":["https:\/\/dokohutku.cz\/littner\/"]}]},{"@type":"BreadcrumbList","@id":"https:\/\/dokohutku.cz\/littner\/#breadcrumb","itemListElement":[{"@type":"ListItem","position":1,"name":"Dom\u016f","item":"https:\/\/dokohutku.cz\/"},{"@type":"ListItem","position":2,"name":"Littner"}]},{"@type":"WebSite","@id":"https:\/\/dokohutku.cz\/#website","url":"https:\/\/dokohutku.cz\/","name":"Koh\u00fatek","description":"hudebn\u00ed \u0161kola","publisher":{"@id":"https:\/\/dokohutku.cz\/#organization"},"potentialAction":[{"@type":"SearchAction","target":{"@type":"EntryPoint","urlTemplate":"https:\/\/dokohutku.cz\/?s={search_term_string}"},"query-input":"required name=search_term_string"}],"inLanguage":"en-US"},{"@type":"Organization","@id":"https:\/\/dokohutku.cz\/#organization","name":"Koh\u00fatek","url":"https:\/\/dokohutku.cz\/","logo":{"@type":"ImageObject","inLanguage":"en-US","@id":"https:\/\/dokohutku.cz\/#\/schema\/logo\/image\/","url":"https:\/\/dokohutku.cz\/wp-content\/uploads\/2021\/05\/cropped-kohutek-hlavicka-1.png","contentUrl":"https:\/\/dokohutku.cz\/wp-content\/uploads\/2021\/05\/cropped-kohutek-hlavicka-1.png","width":200,"height":152,"caption":"Koh\u00fatek"},"image":{"@id":"https:\/\/dokohutku.cz\/#\/schema\/logo\/image\/"}}]}},"_links":{"self":[{"href":"https:\/\/dokohutku.cz\/en\/wp-json\/wp\/v2\/pages\/4586","targetHints":{"allow":["GET"]}}],"collection":[{"href":"https:\/\/dokohutku.cz\/en\/wp-json\/wp\/v2\/pages"}],"about":[{"href":"https:\/\/dokohutku.cz\/en\/wp-json\/wp\/v2\/types\/page"}],"author":[{"embeddable":true,"href":"https:\/\/dokohutku.cz\/en\/wp-json\/wp\/v2\/users\/1"}],"replies":[{"embeddable":true,"href":"https:\/\/dokohutku.cz\/en\/wp-json\/wp\/v2\/comments?post=4586"}],"version-history":[{"count":67,"href":"https:\/\/dokohutku.cz\/en\/wp-json\/wp\/v2\/pages\/4586\/revisions"}],"predecessor-version":[{"id":4807,"href":"https:\/\/dokohutku.cz\/en\/wp-json\/wp\/v2\/pages\/4586\/revisions\/4807"}],"wp:attachment":[{"href":"https:\/\/dokohutku.cz\/en\/wp-json\/wp\/v2\/media?parent=4586"}],"curies":[{"name":"wp","href":"https:\/\/api.w.org\/{rel}","templated":true}]}}