{"id":1988,"date":"2023-06-11T13:59:44","date_gmt":"2023-06-11T13:59:44","guid":{"rendered":"https:\/\/dokohutku.cz\/?page_id=1988"},"modified":"2023-06-11T14:20:47","modified_gmt":"2023-06-11T14:20:47","slug":"gdpr","status":"publish","type":"page","link":"https:\/\/dokohutku.cz\/en\/gdpr\/","title":{"rendered":"GDPR"},"content":{"rendered":"<div data-elementor-type=\"wp-page\" data-elementor-id=\"1988\" class=\"elementor elementor-1988\">\n\t\t\t\t\t\t\t\t\t<section class=\"elementor-section elementor-top-section elementor-element elementor-element-598ff68 elementor-section-boxed elementor-section-height-default elementor-section-height-default\" data-id=\"598ff68\" data-element_type=\"section\">\n\t\t\t\t\t\t<div class=\"elementor-container elementor-column-gap-default\">\n\t\t\t\t\t<div class=\"elementor-column elementor-col-100 elementor-top-column elementor-element elementor-element-7a91126\" data-id=\"7a91126\" data-element_type=\"column\">\n\t\t\t<div class=\"elementor-widget-wrap elementor-element-populated\">\n\t\t\t\t\t\t\t\t<div class=\"elementor-element elementor-element-eae08dc elementor-widget elementor-widget-heading\" data-id=\"eae08dc\" data-element_type=\"widget\" data-widget_type=\"heading.default\">\n\t\t\t\t<div class=\"elementor-widget-container\">\n\t\t\t<h1 class=\"elementor-heading-title elementor-size-default\">Information about processing your personal data<\/h1>\t\t<\/div>\n\t\t\t\t<\/div>\n\t\t\t\t\t<\/div>\n\t\t<\/div>\n\t\t\t\t\t\t\t<\/div>\n\t\t<\/section>\n\t\t\t\t<section class=\"elementor-section elementor-top-section elementor-element elementor-element-d402dd2 elementor-section-boxed elementor-section-height-default elementor-section-height-default\" data-id=\"d402dd2\" data-element_type=\"section\">\n\t\t\t\t\t\t<div class=\"elementor-container elementor-column-gap-default\">\n\t\t\t\t\t<div class=\"elementor-column elementor-col-100 elementor-top-column elementor-element elementor-element-3cd15b0\" data-id=\"3cd15b0\" data-element_type=\"column\">\n\t\t\t<div class=\"elementor-widget-wrap elementor-element-populated\">\n\t\t\t\t\t\t\t\t<div class=\"elementor-element elementor-element-cca848b elementor-widget elementor-widget-text-editor\" data-id=\"cca848b\" data-element_type=\"widget\" data-widget_type=\"text-editor.default\">\n\t\t\t\t<div class=\"elementor-widget-container\">\n\t\t\t\t\t\t\t<p>This document aims to inform you about the extent of processing your personal data and your rights.<\/p>\t\t\t\t\t\t<\/div>\n\t\t\t\t<\/div>\n\t\t\t\t\t<\/div>\n\t\t<\/div>\n\t\t\t\t\t\t\t<\/div>\n\t\t<\/section>\n\t\t\t\t<section class=\"elementor-section elementor-top-section elementor-element elementor-element-8e67337 elementor-section-boxed elementor-section-height-default elementor-section-height-default\" data-id=\"8e67337\" data-element_type=\"section\">\n\t\t\t\t\t\t<div class=\"elementor-container elementor-column-gap-default\">\n\t\t\t\t\t<div class=\"elementor-column elementor-col-100 elementor-top-column elementor-element elementor-element-01dee42\" data-id=\"01dee42\" data-element_type=\"column\">\n\t\t\t<div class=\"elementor-widget-wrap elementor-element-populated\">\n\t\t\t\t\t\t\t\t<div class=\"elementor-element elementor-element-014f095 elementor-widget elementor-widget-heading\" data-id=\"014f095\" data-element_type=\"widget\" data-widget_type=\"heading.default\">\n\t\t\t\t<div class=\"elementor-widget-container\">\n\t\t\t<h2 class=\"elementor-heading-title elementor-size-default\">Controller<\/h2>\t\t<\/div>\n\t\t\t\t<\/div>\n\t\t\t\t<div class=\"elementor-element elementor-element-b536c3c elementor-widget elementor-widget-text-editor\" data-id=\"b536c3c\" data-element_type=\"widget\" data-widget_type=\"text-editor.default\">\n\t\t\t\t<div class=\"elementor-widget-container\">\n\t\t\t\t\t\t\t<p>All personal data are processed by:\u00a0<\/p><p>Koh\u00fatek z. s., residing at Ibsenova 118\/5, Lesn\u00e1, 638 00 Brno<br \/>registered at a public registry kept at the County Court in Brno, section L, number 27544<\/p>\t\t\t\t\t\t<\/div>\n\t\t\t\t<\/div>\n\t\t\t\t\t<\/div>\n\t\t<\/div>\n\t\t\t\t\t\t\t<\/div>\n\t\t<\/section>\n\t\t\t\t<section class=\"elementor-section elementor-top-section elementor-element elementor-element-6bb1df4 elementor-section-boxed elementor-section-height-default elementor-section-height-default\" data-id=\"6bb1df4\" data-element_type=\"section\">\n\t\t\t\t\t\t<div class=\"elementor-container elementor-column-gap-default\">\n\t\t\t\t\t<div class=\"elementor-column elementor-col-100 elementor-top-column elementor-element elementor-element-74f27c3\" data-id=\"74f27c3\" data-element_type=\"column\">\n\t\t\t<div class=\"elementor-widget-wrap elementor-element-populated\">\n\t\t\t\t\t\t\t\t<div class=\"elementor-element elementor-element-d73dfa7 elementor-widget elementor-widget-heading\" data-id=\"d73dfa7\" data-element_type=\"widget\" data-widget_type=\"heading.default\">\n\t\t\t\t<div class=\"elementor-widget-container\">\n\t\t\t<h2 class=\"elementor-heading-title elementor-size-default\">Extent and Purpose of Data Processing<\/h2>\t\t<\/div>\n\t\t\t\t<\/div>\n\t\t\t\t\t<\/div>\n\t\t<\/div>\n\t\t\t\t\t\t\t<\/div>\n\t\t<\/section>\n\t\t\t\t<section class=\"elementor-section elementor-top-section elementor-element elementor-element-1763e48 elementor-section-boxed elementor-section-height-default elementor-section-height-default\" data-id=\"1763e48\" data-element_type=\"section\">\n\t\t\t\t\t\t<div class=\"elementor-container elementor-column-gap-default\">\n\t\t\t\t\t<div class=\"elementor-column elementor-col-100 elementor-top-column elementor-element elementor-element-99d3086\" data-id=\"99d3086\" data-element_type=\"column\">\n\t\t\t<div class=\"elementor-widget-wrap elementor-element-populated\">\n\t\t\t\t\t\t\t\t<div class=\"elementor-element elementor-element-a96b997 elementor-widget elementor-widget-heading\" data-id=\"a96b997\" data-element_type=\"widget\" data-widget_type=\"heading.default\">\n\t\t\t\t<div class=\"elementor-widget-container\">\n\t\t\t<h2 class=\"elementor-heading-title elementor-size-default\">Courses<\/h2>\t\t<\/div>\n\t\t\t\t<\/div>\n\t\t\t\t<div class=\"elementor-element elementor-element-c66243b elementor-widget elementor-widget-text-editor\" data-id=\"c66243b\" data-element_type=\"widget\" data-widget_type=\"text-editor.default\">\n\t\t\t\t<div class=\"elementor-widget-container\">\n\t\t\t\t\t\t\t<h3><span style=\"color: var( --e-global-color-text ); font-family: var( --e-global-typography-text-font-family ), Sans-serif; font-size: 16px; letter-spacing: 0px; background-color: var(--nv-site-bg);\">When registering for courses, data such as your name, surname, email address, information about your music skills, and registered courses are being processed. The purpose of data processing is meeting the contract which becomes valid at the moment of registration that is to guarantee the teaching of the course and check the payment of courses or events. These data are preserved for five years from the last course registered.<\/span><\/h3>\t\t\t\t\t\t<\/div>\n\t\t\t\t<\/div>\n\t\t\t\t\t<\/div>\n\t\t<\/div>\n\t\t\t\t\t\t\t<\/div>\n\t\t<\/section>\n\t\t\t\t<section class=\"elementor-section elementor-top-section elementor-element elementor-element-550da94 elementor-section-boxed elementor-section-height-default elementor-section-height-default\" data-id=\"550da94\" data-element_type=\"section\">\n\t\t\t\t\t\t<div class=\"elementor-container elementor-column-gap-default\">\n\t\t\t\t\t<div class=\"elementor-column elementor-col-100 elementor-top-column elementor-element elementor-element-d15ff89\" data-id=\"d15ff89\" data-element_type=\"column\">\n\t\t\t<div class=\"elementor-widget-wrap elementor-element-populated\">\n\t\t\t\t\t\t\t\t<div class=\"elementor-element elementor-element-8ad593b elementor-widget elementor-widget-heading\" data-id=\"8ad593b\" data-element_type=\"widget\" data-widget_type=\"heading.default\">\n\t\t\t\t<div class=\"elementor-widget-container\">\n\t\t\t<h2 class=\"elementor-heading-title elementor-size-default\">Photo\/video<\/h2>\t\t<\/div>\n\t\t\t\t<\/div>\n\t\t\t\t\t<\/div>\n\t\t<\/div>\n\t\t\t\t\t\t\t<\/div>\n\t\t<\/section>\n\t\t\t\t<section class=\"elementor-section elementor-top-section elementor-element elementor-element-8e1e087 elementor-section-boxed elementor-section-height-default elementor-section-height-default\" data-id=\"8e1e087\" data-element_type=\"section\">\n\t\t\t\t\t\t<div class=\"elementor-container elementor-column-gap-default\">\n\t\t\t\t\t<div class=\"elementor-column elementor-col-100 elementor-top-column elementor-element elementor-element-e8e56a8\" data-id=\"e8e56a8\" data-element_type=\"column\">\n\t\t\t<div class=\"elementor-widget-wrap elementor-element-populated\">\n\t\t\t\t\t\t\t\t<div class=\"elementor-element elementor-element-6652fec elementor-widget elementor-widget-text-editor\" data-id=\"6652fec\" data-element_type=\"widget\" data-widget_type=\"text-editor.default\">\n\t\t\t\t<div class=\"elementor-widget-container\">\n\t\t\t\t\t\t\t<p>At the events organized by the controller, the official photographers can be present whose captured moments can be shared on social media or other websites owned by the controller. The basis for the processing is legitimate interest of the controller to ensure documentation and other publicity.\u00a0<\/p><p>In case you do not agree with being captured in the picture, or demand taking down of one of the published photos use the below mentioned contact information to raise a complaint against data processing.\u00a0<\/p><p>\u00a0<\/p>\t\t\t\t\t\t<\/div>\n\t\t\t\t<\/div>\n\t\t\t\t\t<\/div>\n\t\t<\/div>\n\t\t\t\t\t\t\t<\/div>\n\t\t<\/section>\n\t\t\t\t<section class=\"elementor-section elementor-top-section elementor-element elementor-element-d1b1ab0 elementor-section-boxed elementor-section-height-default elementor-section-height-default\" data-id=\"d1b1ab0\" data-element_type=\"section\">\n\t\t\t\t\t\t<div class=\"elementor-container elementor-column-gap-default\">\n\t\t\t\t\t<div class=\"elementor-column elementor-col-100 elementor-top-column elementor-element elementor-element-1584ce6\" data-id=\"1584ce6\" data-element_type=\"column\">\n\t\t\t<div class=\"elementor-widget-wrap elementor-element-populated\">\n\t\t\t\t\t\t\t\t<div class=\"elementor-element elementor-element-1d071a3 elementor-widget elementor-widget-heading\" data-id=\"1d071a3\" data-element_type=\"widget\" data-widget_type=\"heading.default\">\n\t\t\t\t<div class=\"elementor-widget-container\">\n\t\t\t<h2 class=\"elementor-heading-title elementor-size-default\">Processor and third parties<\/h2>\t\t<\/div>\n\t\t\t\t<\/div>\n\t\t\t\t\t<\/div>\n\t\t<\/div>\n\t\t\t\t\t\t\t<\/div>\n\t\t<\/section>\n\t\t\t\t<section class=\"elementor-section elementor-top-section elementor-element elementor-element-e748d42 elementor-section-boxed elementor-section-height-default elementor-section-height-default\" data-id=\"e748d42\" data-element_type=\"section\">\n\t\t\t\t\t\t<div class=\"elementor-container elementor-column-gap-default\">\n\t\t\t\t\t<div class=\"elementor-column elementor-col-100 elementor-top-column elementor-element elementor-element-91361bf\" data-id=\"91361bf\" data-element_type=\"column\">\n\t\t\t<div class=\"elementor-widget-wrap elementor-element-populated\">\n\t\t\t\t\t\t\t\t<div class=\"elementor-element elementor-element-7ab3a45 elementor-widget elementor-widget-text-editor\" data-id=\"7ab3a45\" data-element_type=\"widget\" data-widget_type=\"text-editor.default\">\n\t\t\t\t<div class=\"elementor-widget-container\">\n\t\t\t\t\t\t\t<p>The controller can use the processor in some well-founded cases under the conditions that the processor has agreed to the same level of data protection. The personal data processing are carried out by these processors: Google, LLC<\/p><p>Your personal data is not disclosed to third parties, except for the cases when it is required legislatively.\u00a0\u00a0<\/p><p>\u00a0<\/p>\t\t\t\t\t\t<\/div>\n\t\t\t\t<\/div>\n\t\t\t\t\t<\/div>\n\t\t<\/div>\n\t\t\t\t\t\t\t<\/div>\n\t\t<\/section>\n\t\t\t\t<section class=\"elementor-section elementor-top-section elementor-element elementor-element-b5f6df1 elementor-section-boxed elementor-section-height-default elementor-section-height-default\" data-id=\"b5f6df1\" data-element_type=\"section\">\n\t\t\t\t\t\t<div class=\"elementor-container elementor-column-gap-default\">\n\t\t\t\t\t<div class=\"elementor-column elementor-col-100 elementor-top-column elementor-element elementor-element-9210052\" data-id=\"9210052\" data-element_type=\"column\">\n\t\t\t<div class=\"elementor-widget-wrap elementor-element-populated\">\n\t\t\t\t\t\t\t\t<div class=\"elementor-element elementor-element-5420cd3 elementor-widget elementor-widget-heading\" data-id=\"5420cd3\" data-element_type=\"widget\" data-widget_type=\"heading.default\">\n\t\t\t\t<div class=\"elementor-widget-container\">\n\t\t\t<h2 class=\"elementor-heading-title elementor-size-default\">your rights<\/h2>\t\t<\/div>\n\t\t\t\t<\/div>\n\t\t\t\t\t<\/div>\n\t\t<\/div>\n\t\t\t\t\t\t\t<\/div>\n\t\t<\/section>\n\t\t\t\t<section class=\"elementor-section elementor-top-section elementor-element elementor-element-de9bcb7 elementor-section-boxed elementor-section-height-default elementor-section-height-default\" data-id=\"de9bcb7\" data-element_type=\"section\">\n\t\t\t\t\t\t<div class=\"elementor-container elementor-column-gap-default\">\n\t\t\t\t\t<div class=\"elementor-column elementor-col-100 elementor-top-column elementor-element elementor-element-1b5ccf7\" data-id=\"1b5ccf7\" data-element_type=\"column\">\n\t\t\t<div class=\"elementor-widget-wrap elementor-element-populated\">\n\t\t\t\t\t\t\t\t<div class=\"elementor-element elementor-element-804aeea elementor-widget elementor-widget-text-editor\" data-id=\"804aeea\" data-element_type=\"widget\" data-widget_type=\"text-editor.default\">\n\t\t\t\t<div class=\"elementor-widget-container\">\n\t\t\t\t\t\t\t<p><b>Right to Access<\/b>\u00a0- you have a right to ask the controller for the information if they are processing your personal data, or which of your personal data is being processed and how they were obtained. You also have a right to receive a copy of these data.\u00a0<\/p><p><b>Right to erasure<\/b>\u00a0\u2013 you have a right for your personal data to be erased if they are processed illegally or on the basis of agreement and when the purpose (contractual or legal) of data processing has expired.<\/p><p><b>Pr\u00e1vo na v\u00fdmaz\u00a0<\/b>\u2013 m\u00e1\u0161 pr\u00e1vo po\u017e\u00e1dat o v\u00fdmaz osobn\u00edch \u00fadaj\u016f, pokud jsou zpracov\u00e1v\u00e1ny protipr\u00e1vn\u011b nebo na z\u00e1klad\u011b souhlasu. Rovn\u011b\u017e pokud ji\u017e pominuly (smluvn\u00ed nebo z\u00e1konn\u00e9) d\u016fvody pro jejich zpracov\u00e1n\u00ed.<\/p><p><b>Right to data processing restrictions<\/b>\u00a0The controller is obliged to limit the processing of personal data if personal data are inaccurate, processing is illegal and you refuse to erasure, in the case of you raising a complaint to processing or if the controller no longer needs personal data but you require them to identify, execute or defend legal claims.\u00a0\u00a0\u00a0<\/p><p><b>Right to transfer\u00a0<\/b>\u2013 you have a right to ask the controller to hand out your personal data in a structured and legible format and a right to transfer the data to another controller in case the processing is done automated-ly and is based on the agreement or the contract.\u00a0<\/p><p><b>Right to raise a complaint\u00a0<\/b>you have a right to raise a complaint against personal data processing in case it has been processed for direct marketing or in case of the processor\u2019s justifiable interest. In that case the controller is required to verify whether their interests are more important than personal data protection.<\/p><p>Right to raise a complaint at supervisory authority \u2013 if you think that your personal data is being processed in contradiction with a valid legislation, you have a right to complain at supervisory authority, which in the Czech republic is represented by The Office for GDPR (address: Pplk. Sochora 27, 170 00 Praha 7, phone number: +420 234 665 111, e-mail: posta@uoou.cz)\u00a0<a>posta@uoou.cz<\/a>)<\/p><p>Right to ask the controller for the explanation and removal of the arisen problem \u2013 in case of a suspicion that your personal data processing is in contradiction with the protection of your personal and private life or in contradiction with the law, you have the right to as the controller for explanation and removal of arisen problem.<\/p>\t\t\t\t\t\t<\/div>\n\t\t\t\t<\/div>\n\t\t\t\t\t<\/div>\n\t\t<\/div>\n\t\t\t\t\t\t\t<\/div>\n\t\t<\/section>\n\t\t\t\t<section class=\"elementor-section elementor-top-section elementor-element elementor-element-1eca356 elementor-section-boxed elementor-section-height-default elementor-section-height-default\" data-id=\"1eca356\" data-element_type=\"section\">\n\t\t\t\t\t\t<div class=\"elementor-container elementor-column-gap-default\">\n\t\t\t\t\t<div class=\"elementor-column elementor-col-100 elementor-top-column elementor-element elementor-element-48d62d9\" data-id=\"48d62d9\" data-element_type=\"column\">\n\t\t\t<div class=\"elementor-widget-wrap elementor-element-populated\">\n\t\t\t\t\t\t\t\t<div class=\"elementor-element elementor-element-56ee634 elementor-widget elementor-widget-heading\" data-id=\"56ee634\" data-element_type=\"widget\" data-widget_type=\"heading.default\">\n\t\t\t\t<div class=\"elementor-widget-container\">\n\t\t\t<h2 class=\"elementor-heading-title elementor-size-default\">Contact information of the controller:<\/h2>\t\t<\/div>\n\t\t\t\t<\/div>\n\t\t\t\t\t<\/div>\n\t\t<\/div>\n\t\t\t\t\t\t\t<\/div>\n\t\t<\/section>\n\t\t\t\t<section class=\"elementor-section elementor-top-section elementor-element elementor-element-2e0958d elementor-section-boxed elementor-section-height-default elementor-section-height-default\" data-id=\"2e0958d\" data-element_type=\"section\">\n\t\t\t\t\t\t<div class=\"elementor-container elementor-column-gap-default\">\n\t\t\t\t\t<div class=\"elementor-column elementor-col-100 elementor-top-column elementor-element elementor-element-0bc9a13\" data-id=\"0bc9a13\" data-element_type=\"column\">\n\t\t\t<div class=\"elementor-widget-wrap elementor-element-populated\">\n\t\t\t\t\t\t\t\t<div class=\"elementor-element elementor-element-4a2afd5 elementor-widget elementor-widget-text-editor\" data-id=\"4a2afd5\" data-element_type=\"widget\" data-widget_type=\"text-editor.default\">\n\t\t\t\t<div class=\"elementor-widget-container\">\n\t\t\t\t\t\t\t<p>dokohutku@gmail.com<\/p>\t\t\t\t\t\t<\/div>\n\t\t\t\t<\/div>\n\t\t\t\t\t<\/div>\n\t\t<\/div>\n\t\t\t\t\t\t\t<\/div>\n\t\t<\/section>\n\t\t\t\t\t\t\t<\/div>","protected":false},"excerpt":{"rendered":"<p>Informov\u00e1n\u00ed o zpracov\u00e1n\u00ed osobn\u00edch \u00fadaj\u016f Tento dokument m\u00e1 za \u00fa\u010del informovat t\u011b o rozsahu zpracov\u00e1n\u00ed osobn\u00edch \u00fadaj\u016f a tv\u00fdch pr\u00e1vech p\u0159i jejich zpracov\u00e1n\u00ed. Spr\u00e1vce V\u0161echny osobn\u00ed \u00fadaje jsou zpracov\u00e1v\u00e1ny:&nbsp; Koh\u00fatek z. s., se s\u00eddlem Ibsenova 118\/5, Lesn\u00e1, 638 00 Brno zapsan\u00fdm ve ve\u0159ejn\u00e9m rejst\u0159\u00edku veden\u00fdm u Krajsk\u00e9ho soudu v Brn\u011b, odd\u00edl L, vlo\u017eka 27544 Rozsah&hellip;&nbsp;<a href=\"https:\/\/dokohutku.cz\/en\/gdpr\/\" class=\"\" rel=\"bookmark\">Read More &raquo;<span class=\"screen-reader-text\">GDPR<\/span><\/a><\/p>","protected":false},"author":1,"featured_media":0,"parent":0,"menu_order":0,"comment_status":"closed","ping_status":"closed","template":"page-templates\/template-pagebuilder-full-width.php","meta":{"neve_meta_sidebar":"full-width","neve_meta_container":"","neve_meta_enable_content_width":"on","neve_meta_content_width":100,"neve_meta_title_alignment":"","neve_meta_author_avatar":"","neve_post_elements_order":"","neve_meta_disable_header":"","neve_meta_disable_footer":"","neve_meta_disable_title":"","footnotes":""},"class_list":["post-1988","page","type-page","status-publish","hentry"],"yoast_head":"<!-- This site is optimized with the Yoast SEO plugin v20.13 - https:\/\/yoast.com\/wordpress\/plugins\/seo\/ -->\n<title>GDPR - Koh\u00fatek<\/title>\n<meta name=\"robots\" content=\"index, follow, max-snippet:-1, max-image-preview:large, max-video-preview:-1\" \/>\n<link rel=\"canonical\" href=\"https:\/\/dokohutku.cz\/en\/gdpr\/\" \/>\n<meta property=\"og:locale\" content=\"en_US\" \/>\n<meta property=\"og:type\" content=\"article\" \/>\n<meta property=\"og:title\" content=\"GDPR - Koh\u00fatek\" \/>\n<meta property=\"og:description\" content=\"Informov\u00e1n\u00ed o zpracov\u00e1n\u00ed osobn\u00edch \u00fadaj\u016f Tento dokument m\u00e1 za \u00fa\u010del informovat t\u011b o rozsahu zpracov\u00e1n\u00ed osobn\u00edch \u00fadaj\u016f a tv\u00fdch pr\u00e1vech p\u0159i jejich zpracov\u00e1n\u00ed. Spr\u00e1vce V\u0161echny osobn\u00ed \u00fadaje jsou zpracov\u00e1v\u00e1ny:&nbsp; Koh\u00fatek z. s., se s\u00eddlem Ibsenova 118\/5, Lesn\u00e1, 638 00 Brno zapsan\u00fdm ve ve\u0159ejn\u00e9m rejst\u0159\u00edku veden\u00fdm u Krajsk\u00e9ho soudu v Brn\u011b, odd\u00edl L, vlo\u017eka 27544 Rozsah&hellip;&nbsp;Read More &raquo;GDPR\" \/>\n<meta property=\"og:url\" content=\"https:\/\/dokohutku.cz\/en\/gdpr\/\" \/>\n<meta property=\"og:site_name\" content=\"Koh\u00fatek\" \/>\n<meta property=\"article:modified_time\" content=\"2023-06-11T14:20:47+00:00\" \/>\n<meta name=\"twitter:card\" content=\"summary_large_image\" \/>\n<meta name=\"twitter:label1\" content=\"Est. reading time\" \/>\n\t<meta name=\"twitter:data1\" content=\"4 minutes\" \/>\n<script type=\"application\/ld+json\" class=\"yoast-schema-graph\">{\"@context\":\"https:\/\/schema.org\",\"@graph\":[{\"@type\":\"WebPage\",\"@id\":\"https:\/\/dokohutku.cz\/gdpr\/\",\"url\":\"https:\/\/dokohutku.cz\/gdpr\/\",\"name\":\"GDPR - Koh\u00fatek\",\"isPartOf\":{\"@id\":\"https:\/\/dokohutku.cz\/#website\"},\"datePublished\":\"2023-06-11T13:59:44+00:00\",\"dateModified\":\"2023-06-11T14:20:47+00:00\",\"breadcrumb\":{\"@id\":\"https:\/\/dokohutku.cz\/gdpr\/#breadcrumb\"},\"inLanguage\":\"en-US\",\"potentialAction\":[{\"@type\":\"ReadAction\",\"target\":[\"https:\/\/dokohutku.cz\/gdpr\/\"]}]},{\"@type\":\"BreadcrumbList\",\"@id\":\"https:\/\/dokohutku.cz\/gdpr\/#breadcrumb\",\"itemListElement\":[{\"@type\":\"ListItem\",\"position\":1,\"name\":\"Dom\u016f\",\"item\":\"https:\/\/dokohutku.cz\/\"},{\"@type\":\"ListItem\",\"position\":2,\"name\":\"GDPR\"}]},{\"@type\":\"WebSite\",\"@id\":\"https:\/\/dokohutku.cz\/#website\",\"url\":\"https:\/\/dokohutku.cz\/\",\"name\":\"Koh\u00fatek\",\"description\":\"hudebn\u00ed \u0161kola\",\"publisher\":{\"@id\":\"https:\/\/dokohutku.cz\/#organization\"},\"potentialAction\":[{\"@type\":\"SearchAction\",\"target\":{\"@type\":\"EntryPoint\",\"urlTemplate\":\"https:\/\/dokohutku.cz\/?s={search_term_string}\"},\"query-input\":\"required name=search_term_string\"}],\"inLanguage\":\"en-US\"},{\"@type\":\"Organization\",\"@id\":\"https:\/\/dokohutku.cz\/#organization\",\"name\":\"Koh\u00fatek\",\"url\":\"https:\/\/dokohutku.cz\/\",\"logo\":{\"@type\":\"ImageObject\",\"inLanguage\":\"en-US\",\"@id\":\"https:\/\/dokohutku.cz\/#\/schema\/logo\/image\/\",\"url\":\"https:\/\/dokohutku.cz\/wp-content\/uploads\/2021\/05\/cropped-kohutek-hlavicka-1.png\",\"contentUrl\":\"https:\/\/dokohutku.cz\/wp-content\/uploads\/2021\/05\/cropped-kohutek-hlavicka-1.png\",\"width\":200,\"height\":152,\"caption\":\"Koh\u00fatek\"},\"image\":{\"@id\":\"https:\/\/dokohutku.cz\/#\/schema\/logo\/image\/\"}}]}<\/script>\n<!-- \/ Yoast SEO plugin. -->","yoast_head_json":{"title":"GDPR - Koh\u00fatek","robots":{"index":"index","follow":"follow","max-snippet":"max-snippet:-1","max-image-preview":"max-image-preview:large","max-video-preview":"max-video-preview:-1"},"canonical":"https:\/\/dokohutku.cz\/en\/gdpr\/","og_locale":"en_US","og_type":"article","og_title":"GDPR - Koh\u00fatek","og_description":"Informov\u00e1n\u00ed o zpracov\u00e1n\u00ed osobn\u00edch \u00fadaj\u016f Tento dokument m\u00e1 za \u00fa\u010del informovat t\u011b o rozsahu zpracov\u00e1n\u00ed osobn\u00edch \u00fadaj\u016f a tv\u00fdch pr\u00e1vech p\u0159i jejich zpracov\u00e1n\u00ed. Spr\u00e1vce V\u0161echny osobn\u00ed \u00fadaje jsou zpracov\u00e1v\u00e1ny:&nbsp; Koh\u00fatek z. s., se s\u00eddlem Ibsenova 118\/5, Lesn\u00e1, 638 00 Brno zapsan\u00fdm ve ve\u0159ejn\u00e9m rejst\u0159\u00edku veden\u00fdm u Krajsk\u00e9ho soudu v Brn\u011b, odd\u00edl L, vlo\u017eka 27544 Rozsah&hellip;&nbsp;Read More &raquo;GDPR","og_url":"https:\/\/dokohutku.cz\/en\/gdpr\/","og_site_name":"Koh\u00fatek","article_modified_time":"2023-06-11T14:20:47+00:00","twitter_card":"summary_large_image","twitter_misc":{"Est. reading time":"4 minutes"},"schema":{"@context":"https:\/\/schema.org","@graph":[{"@type":"WebPage","@id":"https:\/\/dokohutku.cz\/gdpr\/","url":"https:\/\/dokohutku.cz\/gdpr\/","name":"GDPR - Koh\u00fatek","isPartOf":{"@id":"https:\/\/dokohutku.cz\/#website"},"datePublished":"2023-06-11T13:59:44+00:00","dateModified":"2023-06-11T14:20:47+00:00","breadcrumb":{"@id":"https:\/\/dokohutku.cz\/gdpr\/#breadcrumb"},"inLanguage":"en-US","potentialAction":[{"@type":"ReadAction","target":["https:\/\/dokohutku.cz\/gdpr\/"]}]},{"@type":"BreadcrumbList","@id":"https:\/\/dokohutku.cz\/gdpr\/#breadcrumb","itemListElement":[{"@type":"ListItem","position":1,"name":"Dom\u016f","item":"https:\/\/dokohutku.cz\/"},{"@type":"ListItem","position":2,"name":"GDPR"}]},{"@type":"WebSite","@id":"https:\/\/dokohutku.cz\/#website","url":"https:\/\/dokohutku.cz\/","name":"Koh\u00fatek","description":"hudebn\u00ed \u0161kola","publisher":{"@id":"https:\/\/dokohutku.cz\/#organization"},"potentialAction":[{"@type":"SearchAction","target":{"@type":"EntryPoint","urlTemplate":"https:\/\/dokohutku.cz\/?s={search_term_string}"},"query-input":"required name=search_term_string"}],"inLanguage":"en-US"},{"@type":"Organization","@id":"https:\/\/dokohutku.cz\/#organization","name":"Koh\u00fatek","url":"https:\/\/dokohutku.cz\/","logo":{"@type":"ImageObject","inLanguage":"en-US","@id":"https:\/\/dokohutku.cz\/#\/schema\/logo\/image\/","url":"https:\/\/dokohutku.cz\/wp-content\/uploads\/2021\/05\/cropped-kohutek-hlavicka-1.png","contentUrl":"https:\/\/dokohutku.cz\/wp-content\/uploads\/2021\/05\/cropped-kohutek-hlavicka-1.png","width":200,"height":152,"caption":"Koh\u00fatek"},"image":{"@id":"https:\/\/dokohutku.cz\/#\/schema\/logo\/image\/"}}]}},"_links":{"self":[{"href":"https:\/\/dokohutku.cz\/en\/wp-json\/wp\/v2\/pages\/1988","targetHints":{"allow":["GET"]}}],"collection":[{"href":"https:\/\/dokohutku.cz\/en\/wp-json\/wp\/v2\/pages"}],"about":[{"href":"https:\/\/dokohutku.cz\/en\/wp-json\/wp\/v2\/types\/page"}],"author":[{"embeddable":true,"href":"https:\/\/dokohutku.cz\/en\/wp-json\/wp\/v2\/users\/1"}],"replies":[{"embeddable":true,"href":"https:\/\/dokohutku.cz\/en\/wp-json\/wp\/v2\/comments?post=1988"}],"version-history":[{"count":11,"href":"https:\/\/dokohutku.cz\/en\/wp-json\/wp\/v2\/pages\/1988\/revisions"}],"predecessor-version":[{"id":2000,"href":"https:\/\/dokohutku.cz\/en\/wp-json\/wp\/v2\/pages\/1988\/revisions\/2000"}],"wp:attachment":[{"href":"https:\/\/dokohutku.cz\/en\/wp-json\/wp\/v2\/media?parent=1988"}],"curies":[{"name":"wp","href":"https:\/\/api.w.org\/{rel}","templated":true}]}}